{"id":61,"date":"2021-12-25T23:54:59","date_gmt":"2021-12-25T23:54:59","guid":{"rendered":"https:\/\/impreza32.us-themes.com\/?page_id=61"},"modified":"2025-12-15T18:47:26","modified_gmt":"2025-12-15T21:47:26","slug":"contacto","status":"publish","type":"page","link":"https:\/\/norterodados.com\/agrale\/contacto\/","title":{"rendered":"Contacto"},"content":{"rendered":"<section class=\"l-section wpb_row us_custom_91983388 height_small color_primary\"><div class=\"l-section-h i-cf\"><div class=\"g-cols vc_row via_grid cols_2 laptops-cols_inherit tablets-cols_inherit mobiles-cols_1 valign_top type_default stacking_default\"><div class=\"wpb_column vc_column_container\"><div class=\"vc_column-inner\"><div class=\"wpb_text_column us_custom_3e61e5ed\"><div class=\"wpb_wrapper\"><p>CONT\u00c1CTENOS<\/p>\n<\/div><\/div><\/div><\/div><div class=\"wpb_column vc_column_container\"><div class=\"vc_column-inner\"><\/div><\/div><\/div><\/div><\/section><section class=\"l-section wpb_row height_huge with_img\"><div class=\"l-section-img\" role=\"img\" data-img-width=\"1680\" data-img-height=\"400\" style=\"background-image: url(https:\/\/norterodados.com\/agrale\/wp-content\/uploads\/2024\/10\/CABECERA_CONTACTO_AGRALE_MUY_NEGRO.png);background-repeat: no-repeat;\"><\/div><div class=\"l-section-h i-cf\"><div class=\"g-cols vc_row via_grid cols_custom laptops-cols_inherit tablets-cols_inherit mobiles-cols_1 valign_top type_default stacking_default\" style=\"--custom-columns:1.2fr 1.2fr 1.2fr 2.4fr \"><div class=\"wpb_column vc_column_container\"><div class=\"vc_column-inner\"><div class=\"wpb_text_column us_custom_345c8b9d has_text_color\"><div class=\"wpb_wrapper\"><p>Tel\u00e9fono:<\/p>\n<\/div><\/div><div class=\"wpb_text_column us_custom_9cdb3098 has_text_color\"><div class=\"wpb_wrapper\"><p>54 343 456 9907<\/p>\n<\/div><\/div><div class=\"w-btn-wrapper align_none\"><a class=\"w-btn us-btn-style_3\" href=\"#\"><span class=\"w-btn-label\">LLAMA AHORA<\/span><\/a><\/div><\/div><\/div><div class=\"wpb_column vc_column_container\"><div class=\"vc_column-inner\"><div class=\"wpb_text_column us_custom_345c8b9d has_text_color\"><div class=\"wpb_wrapper\"><p>Email:<\/p>\n<\/div><\/div><div class=\"wpb_text_column us_custom_345c8b9d has_text_color\"><div class=\"wpb_wrapper\"><p><strong>ventas@norterodados.com<\/strong><\/p>\n<\/div><\/div><div class=\"w-btn-wrapper align_none\"><a class=\"w-btn us-btn-style_3\" href=\"#\"><span class=\"w-btn-label\">ENVIAR MAIL<\/span><\/a><\/div><\/div><\/div><div class=\"wpb_column vc_column_container\"><div class=\"vc_column-inner\"><\/div><\/div><div class=\"wpb_column vc_column_container\"><div class=\"vc_column-inner\"><div class=\"wpb_text_column us_custom_355e08c3 has_text_color\"><div class=\"wpb_wrapper\"><p><em>Siempre acompa\u00f1ando<\/em><\/p>\n<\/div><\/div><div class=\"wpb_text_column us_custom_6667234e has_text_color\"><div class=\"wpb_wrapper\"><p><em>al progreso de los productores<\/em><\/p>\n<\/div><\/div><div class=\"w-separator size_small\"><\/div><div class=\"wpb_text_column us_custom_345c8b9d has_text_color\"><div class=\"wpb_wrapper\"><p>NORTE RODADOS S.A.<\/p>\n<\/div><\/div><div class=\"w-separator size_custom\" style=\"height:3px\"><\/div><div class=\"wpb_text_column us_custom_24b21f6c has_text_color\"><div class=\"wpb_wrapper\"><p>Ruta Nac. 12 &#8211; Km 12<br \/>\n<strong>Garup\u00e1, Misiones<\/strong>, C.P. 3304.<\/p>\n<p><span class=\"w-text-h\"><span class=\"w-text-value\">Acceso Ruta Nicol\u00e1s Avellaneda \u2013 KM 12<\/span><\/span><br \/>\n<strong>Resistencia, Chaco<\/strong>, C.P: 3.500<\/p>\n<p>Ruta Nac. 12 Km 385.5<br \/>\n<strong>General Ram\u00edrez, Entre R\u00edos<\/strong>, C.P 3164<\/p>\n<\/div><\/div><\/div><\/div><\/div><\/div><\/section><section class=\"l-section wpb_row us_custom_057801f8 height_small color_footer-bottom\"><div class=\"l-section-h i-cf\"><div class=\"g-cols vc_row via_grid cols_1 laptops-cols_inherit tablets-cols_inherit mobiles-cols_1 valign_top type_default stacking_default\"><div class=\"wpb_column vc_column_container\"><div class=\"vc_column-inner\"><div class=\"wpb_text_column us_custom_32636914 has_text_color\"><div class=\"wpb_wrapper\"><p>Informaciones para Contacto<\/p>\n<\/div><\/div><div class=\"w-separator size_medium\"><\/div><\/div><\/div><\/div><\/div><\/section>\n","protected":false},"excerpt":{"rendered":"CONT\u00c1CTENOS Tel\u00e9fono: 54 343 456 9907 LLAMA AHORAEmail: ventas@norterodados.com ENVIAR MAILSiempre acompa\u00f1ando al progreso de los productores NORTE RODADOS S.A. Ruta Nac. 12 &#8211; Km 12 Garup\u00e1, Misiones, C.P. 3304. Acceso Ruta Nicol\u00e1s Avellaneda \u2013 KM 12 Resistencia, Chaco, C.P: 3.500 Ruta Nac. 12 Km 385.5 General Ram\u00edrez, Entre R\u00edos, C.P 3164 Informaciones para Contacto","protected":false},"author":1,"featured_media":0,"parent":0,"menu_order":0,"comment_status":"closed","ping_status":"closed","template":"","meta":{"footnotes":""},"class_list":["post-61","page","type-page","status-publish","hentry"],"_links":{"self":[{"href":"https:\/\/norterodados.com\/agrale\/wp-json\/wp\/v2\/pages\/61","targetHints":{"allow":["GET"]}}],"collection":[{"href":"https:\/\/norterodados.com\/agrale\/wp-json\/wp\/v2\/pages"}],"about":[{"href":"https:\/\/norterodados.com\/agrale\/wp-json\/wp\/v2\/types\/page"}],"author":[{"embeddable":true,"href":"https:\/\/norterodados.com\/agrale\/wp-json\/wp\/v2\/users\/1"}],"replies":[{"embeddable":true,"href":"https:\/\/norterodados.com\/agrale\/wp-json\/wp\/v2\/comments?post=61"}],"version-history":[{"count":19,"href":"https:\/\/norterodados.com\/agrale\/wp-json\/wp\/v2\/pages\/61\/revisions"}],"predecessor-version":[{"id":1549,"href":"https:\/\/norterodados.com\/agrale\/wp-json\/wp\/v2\/pages\/61\/revisions\/1549"}],"wp:attachment":[{"href":"https:\/\/norterodados.com\/agrale\/wp-json\/wp\/v2\/media?parent=61"}],"curies":[{"name":"wp","href":"https:\/\/api.w.org\/{rel}","templated":true}]}}