{"id":634,"date":"2024-07-23T21:37:41","date_gmt":"2024-07-23T21:37:41","guid":{"rendered":"https:\/\/norterodados.com\/agrale\/?page_id=634"},"modified":"2024-10-30T15:40:53","modified_gmt":"2024-10-30T18:40:53","slug":"repuestos","status":"publish","type":"page","link":"https:\/\/norterodados.com\/agrale\/repuestos\/","title":{"rendered":"Repuestos"},"content":{"rendered":"<section class=\"l-section wpb_row us_custom_cf3d7369 height_huge\"><div class=\"l-section-h i-cf\"><div class=\"g-cols vc_row via_grid cols_1 laptops-cols_inherit tablets-cols_inherit mobiles-cols_1 valign_top type_default stacking_default\"><div class=\"wpb_column vc_column_container\"><div class=\"vc_column-inner\"><nav class=\"g-breadcrumbs us_custom_053637e0 has_text_color separator_icon align_none\" itemscope itemtype=\"http:\/\/schema.org\/BreadcrumbList\"><div class=\"g-breadcrumbs-item\" itemscope itemprop=\"itemListElement\" itemtype=\"http:\/\/schema.org\/ListItem\"><a itemprop=\"item\" href=\"https:\/\/norterodados.com\/agrale\/\"><span itemprop=\"name\">Inicio<\/span><\/a><meta itemprop=\"position\" content=\"1\"\/><\/div><div class=\"g-breadcrumbs-separator\"><i class=\"far fa-angle-right\"><\/i><\/div><div class=\"g-breadcrumbs-item\">P\u00e1ginas<\/div><\/nav><div class=\"w-separator us_custom_8ff9c459 size_large\"><\/div><div class=\"w-separator size_large\"><\/div><div class=\"w-tabs layout_ver navwidth_auto navpos_left style_default switch_click has_scrolling\"><div class=\"w-tabs-list items_2 align_none\" style=\"font-family:var(--h1-font-family);\"><div class=\"w-tabs-list-h\"><button class=\"w-tabs-item active\" aria-controls=\"content-s392\" aria-expanded=\"false\"><span class=\"w-tabs-item-title\">Repuestos<\/span><\/button><button class=\"w-tabs-item\" aria-controls=\"content-garantia\" aria-expanded=\"false\"><span class=\"w-tabs-item-title\">Garant\u00eda<\/span><\/button><\/div><\/div><div class=\"w-tabs-sections titles-align_none icon_chevron cpos_right\"><div class=\"w-tabs-section has_text_color active\" id=\"s392\" style=\"background:#FFFFFF;color:#999999;\"><button class=\"w-tabs-section-header active\" aria-controls=\"content-s392\" aria-expanded=\"true\"><div class=\"w-tabs-section-title\">Repuestos<\/div><div class=\"w-tabs-section-control\"><\/div><\/button><div  class=\"w-tabs-section-content us_custom_a574d586\" id=\"content-s392\"><div class=\"w-tabs-section-content-h i-cf\"><h4 class=\"w-text us_custom_53afd681 has_text_color\"><span class=\"w-text-h\"><span class=\"w-text-value\">REPUESTOS<\/span><\/span><\/h4><div class=\"wpb_text_column us_custom_dd8fd370 has_text_color\"><div class=\"wpb_wrapper\"><p>Agrale cuenta con un moderno Centro de Distribuci\u00f3n de Repuestos, desde donde son expedidos mensualmente m\u00e1s de 10.000 repuestos. Todo con mucha seguridad, agilidad y practicidad en la recolecci\u00f3n de vol\u00famenes.<\/p>\n<p>La comercializaci\u00f3n de componentes originales son responsabilidad de nuestra Red de Concesionarios y de los Centros de Posventa Autorizados. Ellos mantienen inventarios regulares de \u00edtems provistos por Agrale mediante programaci\u00f3n mensual, para abastecer pedidos eventuales y\/o de emergencia.<\/p>\n<\/div><\/div><\/div><\/div><\/div><div class=\"w-tabs-section\" id=\"garantia\"><button class=\"w-tabs-section-header\" aria-controls=\"content-garantia\" aria-expanded=\"false\"><div class=\"w-tabs-section-title\">Garant\u00eda<\/div><div class=\"w-tabs-section-control\"><\/div><\/button><div  class=\"w-tabs-section-content\" id=\"content-garantia\"><div class=\"w-tabs-section-content-h i-cf\"><h4 class=\"w-text us_custom_a574d586 has_text_color\"><span class=\"w-text-h\"><span class=\"w-text-value\">GARANT\u00cdA DE LOS PRODUCTOS AGRALE<\/span><\/span><\/h4><div class=\"w-image align_left\"><div class=\"w-image-h\"><img decoding=\"async\" width=\"1516\" height=\"608\" src=\"https:\/\/norterodados.com\/agrale\/wp-content\/uploads\/2024\/10\/IMAGEN_GARANTIA.webp\" class=\"attachment-us_502_197 size-us_502_197\" alt=\"\" loading=\"lazy\" srcset=\"https:\/\/norterodados.com\/agrale\/wp-content\/uploads\/2024\/10\/IMAGEN_GARANTIA.webp 1516w, https:\/\/norterodados.com\/agrale\/wp-content\/uploads\/2024\/10\/IMAGEN_GARANTIA-300x120.webp 300w, https:\/\/norterodados.com\/agrale\/wp-content\/uploads\/2024\/10\/IMAGEN_GARANTIA-1024x411.webp 1024w\" sizes=\"auto, (max-width: 1516px) 100vw, 1516px\" \/><\/div><\/div><div class=\"w-separator size_small\"><\/div><div class=\"w-text us_custom_eea1a274 has_text_color\"><span class=\"w-text-h\"><span class=\"w-text-value\">Garant\u00eda<\/span><\/span><\/div><div class=\"wpb_text_column us_custom_92c9becb has_text_color\"><div class=\"wpb_wrapper\"><p>Para garantizar su tranquilidad cada vez que usted utilice su unidad, puede contar con toda la garant\u00eda y calidad de los productos Agrale. Basta observar los t\u00e9rminos y condiciones de uso. Recuerde utilizar los lubricantes recomendados por el Fabricante.<\/p>\n<\/div><\/div><div class=\"w-separator size_small\"><\/div><div class=\"w-text us_custom_eea1a274 has_text_color\"><span class=\"w-text-h\"><span class=\"w-text-value\">Condiciones para la Vigencia de la Garant\u00eda<\/span><\/span><\/div><div class=\"w-separator size_small\"><\/div><div class=\"wpb_text_column us_custom_2973ae67 has_text_color\"><div class=\"wpb_wrapper\"><p>&#8211; Ejecutar las revisiones peri\u00f3dicas establecidas en el Manual del Propietario.<\/p>\n<p>&#8211; Utilizar el producto de forma adecuada conforme las especificaciones de la f\u00e1brica.<\/p>\n<p>&#8211; Observar rigurosamente las especificaciones, instrucciones de uso y mantenimiento del Manual del Propietario.<\/p>\n<p>&#8211; Mantener inalterada la estructura original del producto.<\/p>\n<p>&#8211; Utilizar combustible adecuado y los lubricantes recomendados por el Fabricante.<\/p>\n<\/div><\/div><\/div><\/div><\/div><\/div><\/div><\/div><\/div><\/div><\/div><\/section>\n","protected":false},"excerpt":{"rendered":"InicioP\u00e1ginasRepuestosGarant\u00edaRepuestosREPUESTOSAgrale cuenta con un moderno Centro de Distribuci\u00f3n de Repuestos, desde donde son expedidos mensualmente m\u00e1s de 10.000 repuestos. Todo con mucha seguridad, agilidad y practicidad en la recolecci\u00f3n de vol\u00famenes. La comercializaci\u00f3n de componentes originales son responsabilidad de nuestra Red de Concesionarios y de los Centros de Posventa Autorizados. Ellos mantienen inventarios regulares de...","protected":false},"author":1,"featured_media":0,"parent":0,"menu_order":0,"comment_status":"closed","ping_status":"closed","template":"","meta":{"footnotes":""},"class_list":["post-634","page","type-page","status-publish","hentry"],"_links":{"self":[{"href":"https:\/\/norterodados.com\/agrale\/wp-json\/wp\/v2\/pages\/634","targetHints":{"allow":["GET"]}}],"collection":[{"href":"https:\/\/norterodados.com\/agrale\/wp-json\/wp\/v2\/pages"}],"about":[{"href":"https:\/\/norterodados.com\/agrale\/wp-json\/wp\/v2\/types\/page"}],"author":[{"embeddable":true,"href":"https:\/\/norterodados.com\/agrale\/wp-json\/wp\/v2\/users\/1"}],"replies":[{"embeddable":true,"href":"https:\/\/norterodados.com\/agrale\/wp-json\/wp\/v2\/comments?post=634"}],"version-history":[{"count":16,"href":"https:\/\/norterodados.com\/agrale\/wp-json\/wp\/v2\/pages\/634\/revisions"}],"predecessor-version":[{"id":1170,"href":"https:\/\/norterodados.com\/agrale\/wp-json\/wp\/v2\/pages\/634\/revisions\/1170"}],"wp:attachment":[{"href":"https:\/\/norterodados.com\/agrale\/wp-json\/wp\/v2\/media?parent=634"}],"curies":[{"name":"wp","href":"https:\/\/api.w.org\/{rel}","templated":true}]}}