{"id":806,"date":"2024-07-26T05:39:24","date_gmt":"2024-07-26T05:39:24","guid":{"rendered":"https:\/\/norterodados.com\/agrale\/?page_id=806"},"modified":"2025-12-04T12:02:11","modified_gmt":"2025-12-04T15:02:11","slug":"agrale-2","status":"publish","type":"page","link":"https:\/\/norterodados.com\/agrale\/","title":{"rendered":"Agrale"},"content":{"rendered":"<section class=\"l-section wpb_row us_custom_219881db hide_on_tablets hide_on_mobiles height_auto width_full with_slider\"><div class=\"l-section-slider\"><div class=\"w-slider style_none fit_cover\"><div class=\"w-slider-h\"><div class=\"royalSlider\"><div class=\"rsContent\"><a class=\"rsImg\" data-rsw=\"1920\" data-rsh=\"450\" href=\"https:\/\/norterodados.com\/agrale\/wp-content\/uploads\/2025\/12\/Tractores_D.webp\"><span data-alt=\"\"><\/span><\/a><\/div><div class=\"rsContent\"><a class=\"rsImg\" data-rsw=\"1920\" data-rsh=\"450\" href=\"https:\/\/norterodados.com\/agrale\/wp-content\/uploads\/2025\/12\/Camion_1_D.webp\"><span data-alt=\"\"><\/span><\/a><\/div><div class=\"rsContent\"><a class=\"rsImg\" data-rsw=\"1920\" data-rsh=\"450\" href=\"https:\/\/norterodados.com\/agrale\/wp-content\/uploads\/2025\/12\/Camion_2_D.webp\"><span data-alt=\"\"><\/span><\/a><\/div><div class=\"rsContent\"><a class=\"rsImg\" data-rsw=\"1920\" data-rsh=\"450\" href=\"https:\/\/norterodados.com\/agrale\/wp-content\/uploads\/2025\/12\/Camion_3_D.webp\"><span data-alt=\"\"><\/span><\/a><\/div><div class=\"rsContent\"><a class=\"rsImg\" data-rsw=\"1920\" data-rsh=\"450\" href=\"https:\/\/norterodados.com\/agrale\/wp-content\/uploads\/2025\/12\/Tractores_2_D.webp\"><span data-alt=\"\"><\/span><\/a><\/div><\/div><img decoding=\"async\" src=\"https:\/\/norterodados.com\/agrale\/wp-content\/uploads\/2025\/12\/Tractores_D.webp\" width=\"1920\" height=\"450\" alt loading=\"lazy\"><\/div><div class=\"w-slider-json\" onclick='return {&quot;autoScaleSlider&quot;:true,&quot;loop&quot;:true,&quot;fadeInLoadedSlide&quot;:false,&quot;slidesSpacing&quot;:0,&quot;imageScalePadding&quot;:0,&quot;numImagesToPreload&quot;:2,&quot;arrowsNav&quot;:false,&quot;arrowsNavAutoHide&quot;:false,&quot;transitionType&quot;:&quot;move&quot;,&quot;transitionSpeed&quot;:1000,&quot;block&quot;:{&quot;moveEffect&quot;:&quot;none&quot;,&quot;speed&quot;:300},&quot;thumbs&quot;:{&quot;fitInViewport&quot;:false},&quot;controlNavigation&quot;:&quot;none&quot;,&quot;autoplay&quot;:{&quot;enabled&quot;:true,&quot;pauseOnHover&quot;:false,&quot;delay&quot;:3000},&quot;imageScaleMode&quot;:&quot;fill&quot;,&quot;autoScaleSliderWidth&quot;:1920,&quot;autoScaleSliderHeight&quot;:450}'><\/div><\/div><\/div><div class=\"l-section-h i-cf\"><div class=\"g-cols vc_row via_grid cols_1 laptops-cols_inherit tablets-cols_inherit mobiles-cols_1 valign_top type_default stacking_default\"><div class=\"wpb_column vc_column_container hide_on_tablets hide_on_mobiles\"><div class=\"vc_column-inner\"><\/div><\/div><\/div><\/div><\/section><section class=\"l-section wpb_row us_custom_cf3d7369 hide_on_default hide_on_laptops height_auto width_full\"><div class=\"l-section-h i-cf\"><div class=\"g-cols vc_row via_grid cols_1 laptops-cols_inherit tablets-cols_inherit mobiles-cols_1 valign_top type_default stacking_default\"><div class=\"wpb_column vc_column_container hide_on_default hide_on_laptops\"><div class=\"vc_column-inner\"><div class=\"w-grid hide_on_default hide_on_laptops type_carousel layout_gallery_default\" id=\"us_grid_1\" style=\"--gap:1.5rem;\"><style>.layout_gallery_default .w-grid-item-h{}<\/style><div class=\"w-grid-list owl-carousel navstyle_circle navpos_outside\">\t<article class=\"w-grid-item post-1532 attachment type-attachment status-inherit hentry\" data-id=\"1532\">\r\n\t\t<div class=\"w-grid-item-h\">\r\n\t\t\t\t\t\t<div class=\"w-post-elm post_image usg_post_image_1 stretched\"><img loading=\"lazy\" decoding=\"async\" width=\"667\" height=\"304\" src=\"https:\/\/norterodados.com\/agrale\/wp-content\/uploads\/2025\/12\/Tractores_M.webp\" class=\"attachment-large size-large\" alt=\"\" srcset=\"https:\/\/norterodados.com\/agrale\/wp-content\/uploads\/2025\/12\/Tractores_M.webp 667w, https:\/\/norterodados.com\/agrale\/wp-content\/uploads\/2025\/12\/Tractores_M-300x137.webp 300w, https:\/\/norterodados.com\/agrale\/wp-content\/uploads\/2025\/12\/Tractores_M-150x68.webp 150w\" sizes=\"auto, (max-width: 667px) 100vw, 667px\" \/><\/div>\t\t<\/div>\r\n\t\t\t<\/article>\r\n\t<article class=\"w-grid-item post-1531 attachment type-attachment status-inherit hentry\" data-id=\"1531\">\r\n\t\t<div class=\"w-grid-item-h\">\r\n\t\t\t\t\t\t<div class=\"w-post-elm post_image usg_post_image_1 stretched\"><img loading=\"lazy\" decoding=\"async\" width=\"667\" height=\"304\" src=\"https:\/\/norterodados.com\/agrale\/wp-content\/uploads\/2025\/12\/Camion_1_M.webp\" class=\"attachment-large size-large\" alt=\"\" srcset=\"https:\/\/norterodados.com\/agrale\/wp-content\/uploads\/2025\/12\/Camion_1_M.webp 667w, https:\/\/norterodados.com\/agrale\/wp-content\/uploads\/2025\/12\/Camion_1_M-300x137.webp 300w, https:\/\/norterodados.com\/agrale\/wp-content\/uploads\/2025\/12\/Camion_1_M-150x68.webp 150w\" sizes=\"auto, (max-width: 667px) 100vw, 667px\" \/><\/div>\t\t<\/div>\r\n\t\t\t<\/article>\r\n\t<article class=\"w-grid-item post-1529 attachment type-attachment status-inherit hentry\" data-id=\"1529\">\r\n\t\t<div class=\"w-grid-item-h\">\r\n\t\t\t\t\t\t<div class=\"w-post-elm post_image usg_post_image_1 stretched\"><img loading=\"lazy\" decoding=\"async\" width=\"667\" height=\"304\" src=\"https:\/\/norterodados.com\/agrale\/wp-content\/uploads\/2025\/12\/Camion_3_M.webp\" class=\"attachment-large size-large\" alt=\"\" srcset=\"https:\/\/norterodados.com\/agrale\/wp-content\/uploads\/2025\/12\/Camion_3_M.webp 667w, https:\/\/norterodados.com\/agrale\/wp-content\/uploads\/2025\/12\/Camion_3_M-300x137.webp 300w, https:\/\/norterodados.com\/agrale\/wp-content\/uploads\/2025\/12\/Camion_3_M-150x68.webp 150w\" sizes=\"auto, (max-width: 667px) 100vw, 667px\" \/><\/div>\t\t<\/div>\r\n\t\t\t<\/article>\r\n\t<article class=\"w-grid-item post-1530 attachment type-attachment status-inherit hentry\" data-id=\"1530\">\r\n\t\t<div class=\"w-grid-item-h\">\r\n\t\t\t\t\t\t<div class=\"w-post-elm post_image usg_post_image_1 stretched\"><img loading=\"lazy\" decoding=\"async\" width=\"667\" height=\"304\" src=\"https:\/\/norterodados.com\/agrale\/wp-content\/uploads\/2025\/12\/Camion_2_M.webp\" class=\"attachment-large size-large\" alt=\"\" srcset=\"https:\/\/norterodados.com\/agrale\/wp-content\/uploads\/2025\/12\/Camion_2_M.webp 667w, https:\/\/norterodados.com\/agrale\/wp-content\/uploads\/2025\/12\/Camion_2_M-300x137.webp 300w, https:\/\/norterodados.com\/agrale\/wp-content\/uploads\/2025\/12\/Camion_2_M-150x68.webp 150w\" sizes=\"auto, (max-width: 667px) 100vw, 667px\" \/><\/div>\t\t<\/div>\r\n\t\t\t<\/article>\r\n\t<article class=\"w-grid-item post-1528 attachment type-attachment status-inherit hentry\" data-id=\"1528\">\r\n\t\t<div class=\"w-grid-item-h\">\r\n\t\t\t\t\t\t<div class=\"w-post-elm post_image usg_post_image_1 stretched\"><img loading=\"lazy\" decoding=\"async\" width=\"667\" height=\"304\" src=\"https:\/\/norterodados.com\/agrale\/wp-content\/uploads\/2025\/12\/Tractores_2_M.webp\" class=\"attachment-large size-large\" alt=\"\" srcset=\"https:\/\/norterodados.com\/agrale\/wp-content\/uploads\/2025\/12\/Tractores_2_M.webp 667w, https:\/\/norterodados.com\/agrale\/wp-content\/uploads\/2025\/12\/Tractores_2_M-300x137.webp 300w, https:\/\/norterodados.com\/agrale\/wp-content\/uploads\/2025\/12\/Tractores_2_M-150x68.webp 150w\" sizes=\"auto, (max-width: 667px) 100vw, 667px\" \/><\/div>\t\t<\/div>\r\n\t\t\t<\/article>\r\n<\/div>\t<div class=\"g-preloader type_1\">\r\n\t\t<div><\/div>\r\n\t<\/div>\r\n\t\t<div class=\"w-grid-json hidden\" onclick='return {&quot;action&quot;:&quot;us_ajax_grid&quot;,&quot;infinite_scroll&quot;:0,&quot;max_num_pages&quot;:1,&quot;pagination&quot;:&quot;none&quot;,&quot;template_vars&quot;:{&quot;columns&quot;:&quot;1&quot;,&quot;exclude_items&quot;:&quot;none&quot;,&quot;img_size&quot;:&quot;default&quot;,&quot;ignore_items_size&quot;:0,&quot;items_layout&quot;:&quot;gallery_default&quot;,&quot;items_offset&quot;:&quot;1&quot;,&quot;load_animation&quot;:&quot;none&quot;,&quot;overriding_link&quot;:&quot;%7B%22url%22%3A%22%22%7D&quot;,&quot;post_id&quot;:0,&quot;query_args&quot;:{&quot;post_type&quot;:[&quot;attachment&quot;],&quot;post__in&quot;:[&quot;1532&quot;,&quot;1531&quot;,&quot;1530&quot;,&quot;1529&quot;,&quot;1528&quot;],&quot;post_status&quot;:&quot;inherit&quot;,&quot;post_mime_type&quot;:&quot;image&quot;,&quot;posts_per_page&quot;:&quot;10&quot;},&quot;orderby_query_args&quot;:{&quot;orderby&quot;:{&quot;date&quot;:&quot;DESC&quot;}},&quot;type&quot;:&quot;carousel&quot;,&quot;us_grid_post_type&quot;:&quot;attachment&quot;,&quot;us_grid_ajax_index&quot;:1,&quot;us_grid_filter_params&quot;:[],&quot;us_grid_index&quot;:1,&quot;page_args&quot;:[]},&quot;carousel_settings&quot;:{&quot;autoHeight&quot;:0,&quot;autoplay&quot;:0,&quot;carousel_fade&quot;:0,&quot;center&quot;:0,&quot;dots&quot;:0,&quot;items&quot;:&quot;1&quot;,&quot;loop&quot;:false,&quot;nav&quot;:0,&quot;slideby&quot;:&quot;1&quot;,&quot;smooth_play&quot;:0,&quot;speed&quot;:250,&quot;timeout&quot;:3000,&quot;transition&quot;:&quot;&quot;,&quot;aria_labels&quot;:{&quot;prev&quot;:&quot;Anterior&quot;,&quot;next&quot;:&quot;Siguiente&quot;}},&quot;carousel_breakpoints&quot;:{&quot;0&quot;:{&quot;autoHeight&quot;:0,&quot;autoplay&quot;:1,&quot;autoplayHoverPause&quot;:1,&quot;items&quot;:1,&quot;loop&quot;:true,&quot;stagePadding&quot;:0},&quot;601&quot;:{&quot;autoHeight&quot;:0,&quot;autoplay&quot;:1,&quot;autoplayHoverPause&quot;:1,&quot;items&quot;:&quot;1&quot;,&quot;loop&quot;:true,&quot;stagePadding&quot;:0},&quot;1025&quot;:{&quot;autoHeight&quot;:0,&quot;autoplay&quot;:1,&quot;autoplayHoverPause&quot;:1,&quot;items&quot;:&quot;1&quot;,&quot;loop&quot;:true,&quot;stagePadding&quot;:0},&quot;1381&quot;:{&quot;items&quot;:1,&quot;stagePadding&quot;:0}}}'><\/div>\r\n\t<\/div><\/div><\/div><\/div><\/div><\/section><section class=\"l-section wpb_row us_custom_cf3d7369 height_huge\"><div class=\"l-section-h i-cf\"><div class=\"g-cols vc_row via_grid cols_1 laptops-cols_inherit tablets-cols_inherit mobiles-cols_1 valign_top type_default stacking_default\"><div class=\"wpb_column vc_column_container\"><div class=\"vc_column-inner\"><h3 class=\"w-text us_custom_17cf854b has_text_color\"><span class=\"w-text-h\"><span class=\"w-text-value\">Sobre Agrale<\/span><\/span><\/h3><div class=\"w-separator us_custom_8ff9c459 size_large\"><\/div><div class=\"w-separator size_medium\"><\/div><div class=\"wpb_text_column us_custom_dd8fd370 has_text_color\"><div class=\"wpb_wrapper\"><p>Agrale Argentina es una empresa binacional subsidiaria de Agrale de Brasil, que fabrica y comercializa una amplia gama de veh\u00edculos comerciales.<\/p>\n<p>Entre ellos encontramos: Camiones livianos y medianos; buses y minibuses urbanos e interurbanos, utilitarios dise\u00f1ados especialmente para trabajos extra pesados ya sean de uso civil, comercial, seguridad o militar y tambi\u00e9n una amplia gama de tractores.<\/p>\n<p>Su gama de veh\u00edculos est\u00e1 conformada por diversos modelos que ofrecen soluciones vers\u00e1tiles y de alta productividad para atender las diferentes necesidades de sus Clientes.<\/p>\n<p>Agrale Argentina posee una clara filosof\u00eda de trabajo, basada en la osad\u00eda, la innovaci\u00f3n y dedicaci\u00f3n constante para superar nuevos desaf\u00edos, que sumada a la gran calidad de sus productos ha logrado conquistar el respeto y admiraci\u00f3n en los mercados en que act\u00faa.<\/p>\n<p>La empresa pertenece al Grupo Francisco St\u00e9dile, que agrupa a las subsidiarias Agrale Argentina, Agrale Montadora, Agrale Comercial y Lintec Motores, y engloba a las empresas Agritech Lavrale, Fundituba y Fazenda Tr\u00eas Rios.<\/p>\n<\/div><\/div><div class=\"w-separator size_large\"><\/div><div class=\"w-separator size_medium\"><\/div><\/div><\/div><\/div><\/div><\/section>\n","protected":false},"excerpt":{"rendered":"","protected":false},"author":1,"featured_media":1282,"parent":0,"menu_order":0,"comment_status":"closed","ping_status":"closed","template":"","meta":{"footnotes":""},"class_list":["post-806","page","type-page","status-publish","has-post-thumbnail","hentry"],"_links":{"self":[{"href":"https:\/\/norterodados.com\/agrale\/wp-json\/wp\/v2\/pages\/806","targetHints":{"allow":["GET"]}}],"collection":[{"href":"https:\/\/norterodados.com\/agrale\/wp-json\/wp\/v2\/pages"}],"about":[{"href":"https:\/\/norterodados.com\/agrale\/wp-json\/wp\/v2\/types\/page"}],"author":[{"embeddable":true,"href":"https:\/\/norterodados.com\/agrale\/wp-json\/wp\/v2\/users\/1"}],"replies":[{"embeddable":true,"href":"https:\/\/norterodados.com\/agrale\/wp-json\/wp\/v2\/comments?post=806"}],"version-history":[{"count":91,"href":"https:\/\/norterodados.com\/agrale\/wp-json\/wp\/v2\/pages\/806\/revisions"}],"predecessor-version":[{"id":1537,"href":"https:\/\/norterodados.com\/agrale\/wp-json\/wp\/v2\/pages\/806\/revisions\/1537"}],"wp:featuredmedia":[{"embeddable":true,"href":"https:\/\/norterodados.com\/agrale\/wp-json\/wp\/v2\/media\/1282"}],"wp:attachment":[{"href":"https:\/\/norterodados.com\/agrale\/wp-json\/wp\/v2\/media?parent=806"}],"curies":[{"name":"wp","href":"https:\/\/api.w.org\/{rel}","templated":true}]}}