{"id":591,"date":"2024-07-23T18:29:36","date_gmt":"2024-07-23T18:29:36","guid":{"rendered":"https:\/\/norterodados.com\/lambert\/?page_id=591"},"modified":"2024-08-01T00:16:49","modified_gmt":"2024-08-01T00:16:49","slug":"lambert-acoplados","status":"publish","type":"page","link":"https:\/\/norterodados.com\/lambert\/","title":{"rendered":"Lambert Acoplados"},"content":{"rendered":"<section class=\"l-section wpb_row height_huge full_height valign_center with_video\"><div id=\"us_bg_video_gd91\" class=\"l-section-video\"><script>!function(w){var node = document.getElementById( 'us_bg_video_gd91' );if ( w.innerWidth <= 1 ) { node.remove() }}(window);<\/script><style>@media(max-width:1px){#us_bg_video_gd91{display:none!important}}<\/style><video  autoplay loop muted playsinline preload=\"auto\"><source type=\"video\/mp4\" src=\"https:\/\/norterodados.com\/lambert\/wp-content\/uploads\/2024\/07\/laberteditado.mp4\" \/><\/video><\/div><div class=\"l-section-overlay\" style=\"background:rgba(0,0,0,0.40)\"><\/div><div class=\"l-section-h i-cf\"><div class=\"g-cols vc_row via_grid cols_1 laptops-cols_inherit tablets-cols_inherit mobiles-cols_1 valign_top type_default stacking_default\"><div class=\"wpb_column vc_column_container\"><div class=\"vc_column-inner\"><div class=\"w-image align_center\"><div class=\"w-image-h\"><img decoding=\"async\" src=\"https:\/\/norterodados.com\/lambert\/wp-content\/uploads\/2024\/07\/lambert.svg\" class=\"attachment-full size-full\" alt=\"\" loading=\"lazy\" \/><\/div><\/div><div class=\"w-separator size_medium\"><\/div><div class=\"wpb_text_column us_custom_dbc585d6 has_text_color hide_on_mobiles\"><div class=\"wpb_wrapper\"><p style=\"text-align: center;\"><strong>M\u00e1s de 45 a\u00f1os, guiados por la \u00e9tica, compromiso y<br \/>\n<\/strong><strong>responsabilidad con el capital humano y clientes.<br \/>\nLambert es la marca de tu acoplado.<\/strong><\/p>\n<\/div><\/div><div class=\"wpb_text_column us_custom_dbc585d6 has_text_color hide_on_default hide_on_laptops hide_on_tablets\"><div class=\"wpb_wrapper\"><p style=\"text-align: center;\"><strong>M\u00e1s de 45 a\u00f1os, guiados por la \u00e9tica, compromiso y <\/strong><strong>responsabilidad con el capital humano y clientes. Lambert es la marca de tu acoplado.<\/strong><\/p>\n<\/div><\/div><\/div><\/div><\/div><\/div><\/section><section class=\"l-section wpb_row us_custom_057801f8 height_huge color_primary with_img parallax_ver parallaxdir_reversed\"><div class=\"l-section-img\" role=\"img\" data-img-width=\"1920\" data-img-height=\"1080\" style=\"background-image: url(https:\/\/norterodados.com\/lambert\/wp-content\/uploads\/2024\/07\/bg-blue-blaco.png);background-repeat: no-repeat;\"><\/div><div class=\"l-section-h i-cf\"><div class=\"g-cols vc_row via_grid cols_1 laptops-cols_inherit tablets-cols_inherit mobiles-cols_1 valign_top type_default stacking_default\"><div class=\"wpb_column vc_column_container\"><div class=\"vc_column-inner\"><div class=\"wpb_text_column us_custom_ee305b75\"><div class=\"wpb_wrapper\"><p><span style=\"color: #16372c;\">NUESTROS<\/span><\/p>\n<\/div><\/div><div class=\"w-separator size_custom\" style=\"height:12px\"><\/div><div class=\"wpb_text_column us_custom_b8fccf2d\"><div class=\"wpb_wrapper\"><p><span style=\"color: #16372c;\">PRODUCTOS<\/span><\/p>\n<\/div><\/div><div class=\"w-separator size_large\"><\/div><div class=\"g-cols wpb_row via_grid cols_2 laptops-cols_inherit tablets-cols_inherit mobiles-cols_1 valign_middle type_default stacking_default\" style=\"--gap:3rem;\"><div class=\"wpb_column vc_column_container\"><div class=\"vc_column-inner\"><div class=\"wpb_text_column us_custom_d4431f06\"><div class=\"wpb_wrapper\"><p style=\"text-align: right;\"><a href=\"https:\/\/norterodados.com\/lambert\/0-km\/acoplados\/\"><strong><span style=\"color: #16372c;\">ACOPLADOS<\/span><\/strong><\/a><\/p>\n<\/div><\/div><\/div><\/div><div class=\"wpb_column vc_column_container\"><div class=\"vc_column-inner\"><div class=\"w-grid type_grid layout_697\" id=\"us_grid_1\" style=\"--gap:1.5rem;\"><style>.layout_697 .w-grid-item-h{}.layout_697 .usg_post_image_1{transition-duration:0.35s;transform-origin:50% 50%;transform:scale(1) translate(0%,0%)}.layout_697 .w-grid-item-h:hover .usg_post_image_1{transform:scale(1.1) translate(0%,0%);opacity:1;border-color:var(--color-header-middle-text)!important}.layout_697 .usg_post_image_1{position:static!important;left:0!important;top:0!important;bottom:0!important;right:0!important}<\/style><div class=\"w-grid-list\">\t<article class=\"w-grid-item size_1x1 post-617 page type-page status-publish has-post-thumbnail hentry\" data-id=\"617\">\r\n\t\t<div class=\"w-grid-item-h\">\r\n\t\t\t\t\t\t\t<a href=\"https:\/\/norterodados.com\/lambert\/0-km\/acoplados\/\" class=\"w-grid-item-anchor\" aria-label=\"Acoplados\"><\/a>\r\n\t\t\t\t\t\t<div class=\"w-post-elm post_image usg_post_image_1\"><img loading=\"lazy\" decoding=\"async\" width=\"1024\" height=\"582\" src=\"https:\/\/norterodados.com\/lambert\/wp-content\/uploads\/2024\/07\/acoplados1-1024x582.png\" class=\"attachment-large size-large wp-post-image\" alt=\"\" srcset=\"https:\/\/norterodados.com\/lambert\/wp-content\/uploads\/2024\/07\/acoplados1-1024x582.png 1024w, https:\/\/norterodados.com\/lambert\/wp-content\/uploads\/2024\/07\/acoplados1-300x171.png 300w\" sizes=\"auto, (max-width: 1024px) 100vw, 1024px\" \/><\/div>\t\t<\/div>\r\n\t\t\t<\/article>\r\n<\/div><div class=\"w-grid-preloader\">\t<div class=\"g-preloader type_3\">\r\n\t\t<div><\/div>\r\n\t<\/div>\r\n\t<\/div>\t<div class=\"w-grid-json hidden\" onclick='return {&quot;action&quot;:&quot;us_ajax_grid&quot;,&quot;infinite_scroll&quot;:0,&quot;max_num_pages&quot;:1,&quot;pagination&quot;:&quot;none&quot;,&quot;template_vars&quot;:{&quot;columns&quot;:&quot;1&quot;,&quot;exclude_items&quot;:&quot;none&quot;,&quot;img_size&quot;:&quot;default&quot;,&quot;ignore_items_size&quot;:0,&quot;items_layout&quot;:&quot;697&quot;,&quot;items_offset&quot;:&quot;1&quot;,&quot;load_animation&quot;:&quot;none&quot;,&quot;overriding_link&quot;:&quot;%7B%22type%22%3A%22post%22%7D&quot;,&quot;post_id&quot;:0,&quot;query_args&quot;:{&quot;ignore_sticky_posts&quot;:1,&quot;post_type&quot;:&quot;any&quot;,&quot;post__in&quot;:[&quot;617&quot;],&quot;posts_per_page&quot;:&quot;10&quot;},&quot;orderby_query_args&quot;:{&quot;orderby&quot;:{&quot;date&quot;:&quot;DESC&quot;}},&quot;type&quot;:&quot;grid&quot;,&quot;us_grid_post_type&quot;:&quot;ids&quot;,&quot;us_grid_ajax_index&quot;:1,&quot;us_grid_filter_params&quot;:[],&quot;us_grid_index&quot;:1,&quot;page_args&quot;:[]}}'><\/div>\r\n\t<\/div><\/div><\/div><\/div><div class=\"w-separator size_medium\"><\/div><div class=\"g-cols wpb_row hide_on_mobiles via_grid cols_2 laptops-cols_inherit tablets-cols_inherit mobiles-cols_1 valign_middle type_default stacking_default\" style=\"--gap:3rem;\"><div class=\"wpb_column vc_column_container\"><div class=\"vc_column-inner\"><div class=\"w-grid type_grid layout_697\" id=\"us_grid_2\" style=\"--gap:1.5rem;\"><div class=\"w-grid-list\">\t<article class=\"w-grid-item size_1x1 post-619 page type-page status-publish has-post-thumbnail hentry\" data-id=\"619\">\r\n\t\t<div class=\"w-grid-item-h\">\r\n\t\t\t\t\t\t\t<a href=\"https:\/\/norterodados.com\/lambert\/0-km\/semirremolques\/\" class=\"w-grid-item-anchor\" aria-label=\"Semirremolques\"><\/a>\r\n\t\t\t\t\t\t<div class=\"w-post-elm post_image usg_post_image_1\"><img loading=\"lazy\" decoding=\"async\" width=\"1024\" height=\"582\" src=\"https:\/\/norterodados.com\/lambert\/wp-content\/uploads\/2024\/07\/Semirremolques1-1024x582.png\" class=\"attachment-large size-large wp-post-image\" alt=\"\" srcset=\"https:\/\/norterodados.com\/lambert\/wp-content\/uploads\/2024\/07\/Semirremolques1-1024x582.png 1024w, https:\/\/norterodados.com\/lambert\/wp-content\/uploads\/2024\/07\/Semirremolques1-300x171.png 300w\" sizes=\"auto, (max-width: 1024px) 100vw, 1024px\" \/><\/div>\t\t<\/div>\r\n\t\t\t<\/article>\r\n<\/div><div class=\"w-grid-preloader\">\t<div class=\"g-preloader type_3\">\r\n\t\t<div><\/div>\r\n\t<\/div>\r\n\t<\/div>\t<div class=\"w-grid-json hidden\" onclick='return {&quot;action&quot;:&quot;us_ajax_grid&quot;,&quot;infinite_scroll&quot;:0,&quot;max_num_pages&quot;:1,&quot;pagination&quot;:&quot;none&quot;,&quot;template_vars&quot;:{&quot;columns&quot;:&quot;1&quot;,&quot;exclude_items&quot;:&quot;none&quot;,&quot;img_size&quot;:&quot;default&quot;,&quot;ignore_items_size&quot;:0,&quot;items_layout&quot;:&quot;697&quot;,&quot;items_offset&quot;:&quot;1&quot;,&quot;load_animation&quot;:&quot;none&quot;,&quot;overriding_link&quot;:&quot;%7B%22type%22%3A%22post%22%7D&quot;,&quot;post_id&quot;:0,&quot;query_args&quot;:{&quot;ignore_sticky_posts&quot;:1,&quot;post_type&quot;:&quot;any&quot;,&quot;post__in&quot;:[&quot;619&quot;],&quot;posts_per_page&quot;:&quot;10&quot;},&quot;orderby_query_args&quot;:{&quot;orderby&quot;:{&quot;date&quot;:&quot;DESC&quot;}},&quot;type&quot;:&quot;grid&quot;,&quot;us_grid_post_type&quot;:&quot;ids&quot;,&quot;us_grid_ajax_index&quot;:2,&quot;us_grid_filter_params&quot;:[],&quot;us_grid_index&quot;:2,&quot;page_args&quot;:[]}}'><\/div>\r\n\t<\/div><\/div><\/div><div class=\"wpb_column vc_column_container\"><div class=\"vc_column-inner\"><div class=\"wpb_text_column us_custom_d4431f06\"><div class=\"wpb_wrapper\"><p style=\"text-align: left;\"><a href=\"https:\/\/norterodados.com\/lambert\/0-km\/semirremolques\/\"><strong><span style=\"color: #16372c;\">SEMIRREMOLQUES<\/span><\/strong><\/a><\/p>\n<\/div><\/div><\/div><\/div><\/div><div class=\"w-separator size_medium\"><\/div><div class=\"g-cols wpb_row hide_on_default hide_on_laptops hide_on_tablets via_grid cols_2 laptops-cols_inherit tablets-cols_inherit mobiles-cols_1 valign_middle type_default stacking_default\" style=\"--gap:3rem;\"><div class=\"wpb_column vc_column_container\"><div class=\"vc_column-inner\"><div class=\"wpb_text_column us_custom_d4431f06\"><div class=\"wpb_wrapper\"><p style=\"text-align: right;\"><a href=\"https:\/\/norterodados.com\/lambert\/0-km\/semirremolques\/\"><strong><span style=\"color: #16372c;\">SEMIRREMOLQUES<\/span><\/strong><\/a><\/p>\n<\/div><\/div><\/div><\/div><div class=\"wpb_column vc_column_container\"><div class=\"vc_column-inner\"><div class=\"w-grid type_grid layout_697\" id=\"us_grid_3\" style=\"--gap:1.5rem;\"><div class=\"w-grid-list\">\t<article class=\"w-grid-item size_1x1 post-619 page type-page status-publish has-post-thumbnail hentry\" data-id=\"619\">\r\n\t\t<div class=\"w-grid-item-h\">\r\n\t\t\t\t\t\t\t<a href=\"https:\/\/norterodados.com\/lambert\/0-km\/semirremolques\/\" class=\"w-grid-item-anchor\" aria-label=\"Semirremolques\"><\/a>\r\n\t\t\t\t\t\t<div class=\"w-post-elm post_image usg_post_image_1\"><img loading=\"lazy\" decoding=\"async\" width=\"1024\" height=\"582\" src=\"https:\/\/norterodados.com\/lambert\/wp-content\/uploads\/2024\/07\/Semirremolques1-1024x582.png\" class=\"attachment-large size-large wp-post-image\" alt=\"\" srcset=\"https:\/\/norterodados.com\/lambert\/wp-content\/uploads\/2024\/07\/Semirremolques1-1024x582.png 1024w, https:\/\/norterodados.com\/lambert\/wp-content\/uploads\/2024\/07\/Semirremolques1-300x171.png 300w\" sizes=\"auto, (max-width: 1024px) 100vw, 1024px\" \/><\/div>\t\t<\/div>\r\n\t\t\t<\/article>\r\n<\/div><div class=\"w-grid-preloader\">\t<div class=\"g-preloader type_3\">\r\n\t\t<div><\/div>\r\n\t<\/div>\r\n\t<\/div>\t<div class=\"w-grid-json hidden\" onclick='return {&quot;action&quot;:&quot;us_ajax_grid&quot;,&quot;infinite_scroll&quot;:0,&quot;max_num_pages&quot;:1,&quot;pagination&quot;:&quot;none&quot;,&quot;template_vars&quot;:{&quot;columns&quot;:&quot;1&quot;,&quot;exclude_items&quot;:&quot;none&quot;,&quot;img_size&quot;:&quot;default&quot;,&quot;ignore_items_size&quot;:0,&quot;items_layout&quot;:&quot;697&quot;,&quot;items_offset&quot;:&quot;1&quot;,&quot;load_animation&quot;:&quot;none&quot;,&quot;overriding_link&quot;:&quot;%7B%22type%22%3A%22post%22%7D&quot;,&quot;post_id&quot;:0,&quot;query_args&quot;:{&quot;ignore_sticky_posts&quot;:1,&quot;post_type&quot;:&quot;any&quot;,&quot;post__in&quot;:[&quot;619&quot;],&quot;posts_per_page&quot;:&quot;10&quot;},&quot;orderby_query_args&quot;:{&quot;orderby&quot;:{&quot;date&quot;:&quot;DESC&quot;}},&quot;type&quot;:&quot;grid&quot;,&quot;us_grid_post_type&quot;:&quot;ids&quot;,&quot;us_grid_ajax_index&quot;:3,&quot;us_grid_filter_params&quot;:[],&quot;us_grid_index&quot;:3,&quot;page_args&quot;:[]}}'><\/div>\r\n\t<\/div><\/div><\/div><\/div><div class=\"w-separator size_medium\"><\/div><div class=\"g-cols wpb_row via_grid cols_2 laptops-cols_inherit tablets-cols_inherit mobiles-cols_1 valign_middle type_default stacking_default\" style=\"--gap:3rem;\"><div class=\"wpb_column vc_column_container\"><div class=\"vc_column-inner\"><div class=\"w-separator hide_on_default hide_on_laptops hide_on_tablets size_small\"><\/div><div class=\"wpb_text_column us_custom_d4431f06\"><div class=\"wpb_wrapper\"><p style=\"text-align: right;\"><a href=\"https:\/\/norterodados.com\/lambert\/0-km\/carrocerias\/\"><strong><span style=\"color: #16372c;\">CARROCER\u00cdAS<\/span><\/strong><\/a><\/p>\n<\/div><\/div><\/div><\/div><div class=\"wpb_column vc_column_container\"><div class=\"vc_column-inner\"><div class=\"w-grid type_grid layout_697\" id=\"us_grid_4\" style=\"--gap:1.5rem;\"><div class=\"w-grid-list\">\t<article class=\"w-grid-item size_1x1 post-622 page type-page status-publish has-post-thumbnail hentry\" data-id=\"622\">\r\n\t\t<div class=\"w-grid-item-h\">\r\n\t\t\t\t\t\t\t<a href=\"https:\/\/norterodados.com\/lambert\/0-km\/carrocerias\/\" class=\"w-grid-item-anchor\" aria-label=\"Carrocer\u00edas\"><\/a>\r\n\t\t\t\t\t\t<div class=\"w-post-elm post_image usg_post_image_1\"><img loading=\"lazy\" decoding=\"async\" width=\"1024\" height=\"582\" src=\"https:\/\/norterodados.com\/lambert\/wp-content\/uploads\/2024\/07\/Carrocerias1-1024x582.png\" class=\"attachment-large size-large wp-post-image\" alt=\"\" srcset=\"https:\/\/norterodados.com\/lambert\/wp-content\/uploads\/2024\/07\/Carrocerias1-1024x582.png 1024w, https:\/\/norterodados.com\/lambert\/wp-content\/uploads\/2024\/07\/Carrocerias1-300x171.png 300w\" sizes=\"auto, (max-width: 1024px) 100vw, 1024px\" \/><\/div>\t\t<\/div>\r\n\t\t\t<\/article>\r\n<\/div><div class=\"w-grid-preloader\">\t<div class=\"g-preloader type_3\">\r\n\t\t<div><\/div>\r\n\t<\/div>\r\n\t<\/div>\t<div class=\"w-grid-json hidden\" onclick='return {&quot;action&quot;:&quot;us_ajax_grid&quot;,&quot;infinite_scroll&quot;:0,&quot;max_num_pages&quot;:1,&quot;pagination&quot;:&quot;none&quot;,&quot;template_vars&quot;:{&quot;columns&quot;:&quot;1&quot;,&quot;exclude_items&quot;:&quot;none&quot;,&quot;img_size&quot;:&quot;default&quot;,&quot;ignore_items_size&quot;:0,&quot;items_layout&quot;:&quot;697&quot;,&quot;items_offset&quot;:&quot;1&quot;,&quot;load_animation&quot;:&quot;none&quot;,&quot;overriding_link&quot;:&quot;%7B%22type%22%3A%22post%22%7D&quot;,&quot;post_id&quot;:0,&quot;query_args&quot;:{&quot;ignore_sticky_posts&quot;:1,&quot;post_type&quot;:&quot;any&quot;,&quot;post__in&quot;:[&quot;622&quot;],&quot;posts_per_page&quot;:&quot;10&quot;},&quot;orderby_query_args&quot;:{&quot;orderby&quot;:{&quot;date&quot;:&quot;DESC&quot;}},&quot;type&quot;:&quot;grid&quot;,&quot;us_grid_post_type&quot;:&quot;ids&quot;,&quot;us_grid_ajax_index&quot;:4,&quot;us_grid_filter_params&quot;:[],&quot;us_grid_index&quot;:4,&quot;page_args&quot;:[]}}'><\/div>\r\n\t<\/div><\/div><\/div><\/div><\/div><\/div><\/div><\/div><\/section>\n","protected":false},"excerpt":{"rendered":"0KM CARROCER\u00cdAS Carrocer\u00edasCurtain Sider Carrocer\u00edasTodo Puertas Carrocer\u00edasVolcadora Carrocer\u00edasIsot\u00e9rmica Carrocer\u00edasBi Vuelco Carrocer\u00edasPaquetera Carrocer\u00edasCurtain Sider Barandas Volcables Carrocer\u00edasPollera","protected":false},"author":1,"featured_media":802,"parent":0,"menu_order":0,"comment_status":"closed","ping_status":"closed","template":"","meta":{"_acf_changed":false,"footnotes":""},"class_list":["post-591","page","type-page","status-publish","has-post-thumbnail","hentry"],"acf":[],"_links":{"self":[{"href":"https:\/\/norterodados.com\/lambert\/wp-json\/wp\/v2\/pages\/591","targetHints":{"allow":["GET"]}}],"collection":[{"href":"https:\/\/norterodados.com\/lambert\/wp-json\/wp\/v2\/pages"}],"about":[{"href":"https:\/\/norterodados.com\/lambert\/wp-json\/wp\/v2\/types\/page"}],"author":[{"embeddable":true,"href":"https:\/\/norterodados.com\/lambert\/wp-json\/wp\/v2\/users\/1"}],"replies":[{"embeddable":true,"href":"https:\/\/norterodados.com\/lambert\/wp-json\/wp\/v2\/comments?post=591"}],"version-history":[{"count":111,"href":"https:\/\/norterodados.com\/lambert\/wp-json\/wp\/v2\/pages\/591\/revisions"}],"predecessor-version":[{"id":830,"href":"https:\/\/norterodados.com\/lambert\/wp-json\/wp\/v2\/pages\/591\/revisions\/830"}],"wp:featuredmedia":[{"embeddable":true,"href":"https:\/\/norterodados.com\/lambert\/wp-json\/wp\/v2\/media\/802"}],"wp:attachment":[{"href":"https:\/\/norterodados.com\/lambert\/wp-json\/wp\/v2\/media?parent=591"}],"curies":[{"name":"wp","href":"https:\/\/api.w.org\/{rel}","templated":true}]}}