{"id":61,"date":"2021-12-25T23:54:59","date_gmt":"2021-12-25T23:54:59","guid":{"rendered":"https:\/\/impreza32.us-themes.com\/?page_id=61"},"modified":"2024-10-15T13:23:50","modified_gmt":"2024-10-15T13:23:50","slug":"contacto","status":"publish","type":"page","link":"https:\/\/norterodados.com\/lambert\/contacto\/","title":{"rendered":"Contacto"},"content":{"rendered":"<section class=\"l-section wpb_row us_custom_1f5f827b height_small color_primary\"><div class=\"l-section-h i-cf\"><div class=\"g-cols vc_row via_grid cols_2 laptops-cols_inherit tablets-cols_inherit mobiles-cols_1 valign_top type_default stacking_default\"><div class=\"wpb_column vc_column_container\"><div class=\"vc_column-inner\"><div class=\"wpb_text_column us_custom_3e61e5ed\"><div class=\"wpb_wrapper\"><p>CONT\u00c1CTENOS<\/p>\n<\/div><\/div><\/div><\/div><div class=\"wpb_column vc_column_container\"><div class=\"vc_column-inner\"><\/div><\/div><\/div><\/div><\/section><section class=\"l-section wpb_row height_huge with_img\"><div class=\"l-section-img\" role=\"img\" data-img-width=\"1680\" data-img-height=\"400\" style=\"background-image: url(https:\/\/norterodados.com\/lambert\/wp-content\/uploads\/2024\/10\/HEADER_CONTACTO_LAMBERT.webp);background-repeat: no-repeat;\"><\/div><div class=\"l-section-h i-cf\"><div class=\"g-cols vc_row via_grid cols_custom laptops-cols_inherit tablets-cols_inherit mobiles-cols_1 valign_top type_default stacking_default\" style=\"--custom-columns:1.2fr 1.2fr 1.2fr 2.4fr \"><div class=\"wpb_column vc_column_container\"><div class=\"vc_column-inner\"><div class=\"wpb_text_column us_custom_01e7605d has_text_color\"><div class=\"wpb_wrapper\"><p><small>Tel\u00e9fono:<\/small><\/p>\n<\/div><\/div><div class=\"wpb_text_column us_custom_8a2f17f2 has_text_color\"><div class=\"wpb_wrapper\"><p><strong>54 343 456 9907<\/strong><\/p>\n<\/div><\/div><div class=\"w-btn-wrapper align_none\"><a class=\"w-btn us-btn-style_3\" href=\"#\"><span class=\"w-btn-label\">LLAMA AHORA<\/span><\/a><\/div><\/div><\/div><div class=\"wpb_column vc_column_container\"><div class=\"vc_column-inner\"><div class=\"wpb_text_column us_custom_01e7605d has_text_color\"><div class=\"wpb_wrapper\"><p><small>Email:<\/small><\/p>\n<\/div><\/div><div class=\"wpb_text_column us_custom_8a2f17f2 has_text_color\"><div class=\"wpb_wrapper\"><p><strong>ventas@norterodados.com<\/strong><\/p>\n<\/div><\/div><div class=\"w-btn-wrapper align_none\"><a class=\"w-btn us-btn-style_3\" href=\"#\"><span class=\"w-btn-label\">ENVIAR MAIL<\/span><\/a><\/div><\/div><\/div><div class=\"wpb_column vc_column_container\"><div class=\"vc_column-inner\"><\/div><\/div><div class=\"wpb_column vc_column_container\"><div class=\"vc_column-inner\"><div class=\"wpb_text_column us_custom_355e08c3 has_text_color\"><div class=\"wpb_wrapper\"><p><em>La mejor ecuaci\u00f3n<\/em><\/p>\n<\/div><\/div><div class=\"wpb_text_column us_custom_b1a3285d has_text_color\"><div class=\"wpb_wrapper\"><p><em>de calidad y capacidad<\/em><\/p>\n<\/div><\/div><div class=\"w-separator size_small\"><\/div><div class=\"wpb_text_column us_custom_7e4f11c1 has_text_color\"><div class=\"wpb_wrapper\"><p><strong>NORTE RODADOS S.A.<\/strong><\/p>\n<\/div><\/div><div class=\"w-separator size_custom\" style=\"height:3px\"><\/div><div class=\"wpb_text_column us_custom_24b21f6c has_text_color\"><div class=\"wpb_wrapper\"><p>Ruta Nac. 12 &#8211; Km 385,5<br \/>\nGeneral Ram\u00edrez \/ Entre Rios<\/p>\n<\/div><\/div><\/div><\/div><\/div><\/div><\/section><section class=\"l-section wpb_row us_custom_057801f8 height_small color_footer-bottom\"><div class=\"l-section-h i-cf\"><div class=\"g-cols vc_row via_grid cols_1 laptops-cols_inherit tablets-cols_inherit mobiles-cols_1 valign_top type_default stacking_default\"><div class=\"wpb_column vc_column_container\"><div class=\"vc_column-inner\"><div class=\"wpb_text_column us_custom_32636914 has_text_color\"><div class=\"wpb_wrapper\"><p>Informaciones para Contacto<\/p>\n<\/div><\/div><div class=\"w-separator size_medium\"><\/div><script>\nvar gform;gform||(document.addEventListener(\"gform_main_scripts_loaded\",function(){gform.scriptsLoaded=!0}),document.addEventListener(\"gform\/theme\/scripts_loaded\",function(){gform.themeScriptsLoaded=!0}),window.addEventListener(\"DOMContentLoaded\",function(){gform.domLoaded=!0}),gform={domLoaded:!1,scriptsLoaded:!1,themeScriptsLoaded:!1,isFormEditor:()=>\"function\"==typeof InitializeEditor,callIfLoaded:function(o){return!(!gform.domLoaded||!gform.scriptsLoaded||!gform.themeScriptsLoaded&&!gform.isFormEditor()||(gform.isFormEditor()&&console.warn(\"The use of gform.initializeOnLoaded() is deprecated in the form editor context and will be removed in Gravity Forms 3.1.\"),o(),0))},initializeOnLoaded:function(o){gform.callIfLoaded(o)||(document.addEventListener(\"gform_main_scripts_loaded\",()=>{gform.scriptsLoaded=!0,gform.callIfLoaded(o)}),document.addEventListener(\"gform\/theme\/scripts_loaded\",()=>{gform.themeScriptsLoaded=!0,gform.callIfLoaded(o)}),window.addEventListener(\"DOMContentLoaded\",()=>{gform.domLoaded=!0,gform.callIfLoaded(o)}))},hooks:{action:{},filter:{}},addAction:function(o,r,e,t){gform.addHook(\"action\",o,r,e,t)},addFilter:function(o,r,e,t){gform.addHook(\"filter\",o,r,e,t)},doAction:function(o){gform.doHook(\"action\",o,arguments)},applyFilters:function(o){return gform.doHook(\"filter\",o,arguments)},removeAction:function(o,r){gform.removeHook(\"action\",o,r)},removeFilter:function(o,r,e){gform.removeHook(\"filter\",o,r,e)},addHook:function(o,r,e,t,n){null==gform.hooks[o][r]&&(gform.hooks[o][r]=[]);var d=gform.hooks[o][r];null==n&&(n=r+\"_\"+d.length),gform.hooks[o][r].push({tag:n,callable:e,priority:t=null==t?10:t})},doHook:function(r,o,e){var t;if(e=Array.prototype.slice.call(e,1),null!=gform.hooks[r][o]&&((o=gform.hooks[r][o]).sort(function(o,r){return o.priority-r.priority}),o.forEach(function(o){\"function\"!=typeof(t=o.callable)&&(t=window[t]),\"action\"==r?t.apply(null,e):e[0]=t.apply(null,e)})),\"filter\"==r)return e[0]},removeHook:function(o,r,t,n){var e;null!=gform.hooks[o][r]&&(e=(e=gform.hooks[o][r]).filter(function(o,r,e){return!!(null!=n&&n!=o.tag||null!=t&&t!=o.priority)}),gform.hooks[o][r]=e)}});\n<\/script>\n\n                <div class='gf_browser_gecko gform_wrapper gravity-theme gform-theme--no-framework us_custom_a574d586 has_text_color' data-form-theme='gravity-theme' data-form-index='0' id='gform_wrapper_1' ><form method='post' enctype='multipart\/form-data'  id='gform_1'  action='\/lambert\/wp-json\/wp\/v2\/pages\/61' data-formid='1' novalidate>\n                        <div class='gform-body gform_body'><div id='gform_fields_1' class='gform_fields top_label form_sublabel_below description_below validation_below'><div id=\"field_1_3\" class=\"gfield gfield--type-text gfield--width-third field_sublabel_below gfield--no-description field_description_below field_validation_below gfield_visibility_visible\"  ><label class='gfield_label gform-field-label' for='input_1_3'>Nombre<\/label><div class='ginput_container ginput_container_text'><input name='input_3' id='input_1_3' type='text' value='' class='large'      aria-invalid=\"false\"   \/><\/div><\/div><div id=\"field_1_4\" class=\"gfield gfield--type-text gfield--width-third field_sublabel_below gfield--no-description field_description_below field_validation_below gfield_visibility_visible\"  ><label class='gfield_label gform-field-label' for='input_1_4'>Email<\/label><div class='ginput_container ginput_container_text'><input name='input_4' id='input_1_4' type='text' value='' class='large'      aria-invalid=\"false\"   \/><\/div><\/div><div id=\"field_1_1\" class=\"gfield gfield--type-text gfield--width-third field_sublabel_below gfield--no-description field_description_below field_validation_below gfield_visibility_visible\"  ><label class='gfield_label gform-field-label' for='input_1_1'>Tel\u00e9fono<\/label><div class='ginput_container ginput_container_text'><input name='input_1' id='input_1_1' type='text' value='' class='large'      aria-invalid=\"false\"   \/><\/div><\/div><div id=\"field_1_5\" class=\"gfield gfield--type-text gfield--width-full field_sublabel_below gfield--no-description field_description_below field_validation_below gfield_visibility_visible\"  ><label class='gfield_label gform-field-label' for='input_1_5'>Empresa<\/label><div class='ginput_container ginput_container_text'><input name='input_5' id='input_1_5' type='text' value='' class='large'      aria-invalid=\"false\"   \/><\/div><\/div><div id=\"field_1_7\" class=\"gfield gfield--type-select gfield--width-full field_sublabel_below gfield--no-description field_description_below field_validation_below gfield_visibility_visible\"  ><label class='gfield_label gform-field-label' for='input_1_7'>Provincia<\/label><div class='ginput_container ginput_container_select'><select name='input_7' id='input_1_7' class='large gfield_select'     aria-invalid=\"false\" ><option value='Buenos Aires' >Buenos Aires<\/option><option value='Catamarca' >Catamarca<\/option><option value='Chaco' >Chaco<\/option><option value='Chubut' >Chubut<\/option><option value='C\u00f3rdoba' >C\u00f3rdoba<\/option><option value='Corrientes' >Corrientes<\/option><option value='Entre R\u00edos' >Entre R\u00edos<\/option><option value='Formosa' >Formosa<\/option><option value='Jujuy' >Jujuy<\/option><option value='La Pampa' >La Pampa<\/option><option value='La Rioja' >La Rioja<\/option><option value='Mendoza' >Mendoza<\/option><option value='Misiones' >Misiones<\/option><option value='Neuqu\u00e9n' >Neuqu\u00e9n<\/option><option value='R\u00edo Negro' >R\u00edo Negro<\/option><option value='Salta' >Salta<\/option><option value='San Juan' >San Juan<\/option><option value='San Lu\u00eds' >San Lu\u00eds<\/option><option value='Santa Cruz' >Santa Cruz<\/option><option value='Santa Fe' >Santa Fe<\/option><option value='Santiago del Estero' >Santiago del Estero<\/option><option value='Tierra del Fuego' >Tierra del Fuego<\/option><option value='Tucum\u00e1n' >Tucum\u00e1n<\/option><\/select><\/div><\/div><div id=\"field_1_8\" class=\"gfield gfield--type-text gfield--width-full field_sublabel_below gfield--no-description field_description_below field_validation_below gfield_visibility_visible\"  ><label class='gfield_label gform-field-label' for='input_1_8'>Ciudad<\/label><div class='ginput_container ginput_container_text'><input name='input_8' id='input_1_8' type='text' value='' class='large'      aria-invalid=\"false\"   \/><\/div><\/div><div id=\"field_1_10\" class=\"gfield gfield--type-textarea gfield--width-full field_sublabel_below gfield--no-description field_description_below field_validation_below gfield_visibility_visible\"  ><label class='gfield_label gform-field-label' for='input_1_10'>Mensaje<\/label><div class='ginput_container ginput_container_textarea'><textarea name='input_10' id='input_1_10' class='textarea large'      aria-invalid=\"false\"   rows='10' cols='50'><\/textarea><\/div><\/div><\/div><\/div>\n        <div class='gform-footer gform_footer top_label'> <input type='submit' id='gform_submit_button_1' class='gform_button button' onclick='gform.submission.handleButtonClick(this);' data-submission-type='submit' value='Enviar'  \/> \n            <input type='hidden' class='gform_hidden' name='gform_submission_method' data-js='gform_submission_method_1' value='postback' \/>\n            <input type='hidden' class='gform_hidden' name='gform_theme' data-js='gform_theme_1' id='gform_theme_1' value='gravity-theme' \/>\n            <input type='hidden' class='gform_hidden' name='gform_style_settings' data-js='gform_style_settings_1' id='gform_style_settings_1' value='[]' \/>\n            <input type='hidden' class='gform_hidden' name='is_submit_1' value='1' \/>\n            <input type='hidden' class='gform_hidden' name='gform_submit' value='1' \/>\n            \n            <input type='hidden' class='gform_hidden' name='gform_currency' data-currency='USD' value='ZpIeTU6Hpso0IQ1B+MeHPszdXqORAGkXalkYo8P9m7Klm3pxiOEMxp1xew2suT5yVrtZGU7BObs8uJZflrYcIck5gfDv4jQtSAItki3l15\/MRrs=' \/>\n            <input type='hidden' class='gform_hidden' name='gform_unique_id' value='' \/>\n            <input type='hidden' class='gform_hidden' name='state_1' value='WyJ7XCI3XCI6W1wiYTk1OTBmODNjNTMzMjc2MjEwMjc2OGQyZDBiN2EwNzdcIixcImY4MDBjMWY1Y2U0ODg0NzQ2NTBmNGRhYWY2NzdmNDk0XCIsXCIxZTY4ZmFiNTY4M2EzMjllNDI4YjIwMWYxYWRlMTc1OFwiLFwiNmRmYjIyMjVjYzc2MTgxNTliNTYwZDRmZjkyZDc5YjZcIixcImZjNjg3NzdlYzAzYTMwYjE3MmQ2YTkyMTA2NmU4YjQ3XCIsXCIxN2FiY2MyZWQ5ODY3OTA3NWIxMGI3NDY4MjAzZTkyYlwiLFwiODM5NGYyNWJkMDU5NzAzMDEzN2IwZGRmMjFhMTVmNjNcIixcImRlNzcyMWJlZTMwZGZjNWY2NTI3NGU4N2QzNDBiMjdlXCIsXCIxZWNmODlhYWU2ODk1MjViMGVhOTMxNDE1ZDlmYTE2MlwiLFwiOWY2MzhhYzlmZGJmMDQxNmQ0NTcwZjgyMGYwNmI4N2NcIixcIjhjMjRkYzFjNWY0ODA1MDc3NTMxYWRjNTg5YmM2NzQwXCIsXCI1NzYzYjBkMTI3ZDBhYjZhM2M1Y2ExMjcxNDQzZTg3NFwiLFwiMjE0YjE1ZWIyNjc3MTg2YzBlNGQ1MTMwNmY3MTJiNmRcIixcImY0NDk2YTJiNWU0Mzc2ZDk0YmYwNTE1NWIxMWVmNDk5XCIsXCIwZDA0MmQ3MDQ3YjFkMDBiODc1Yjg0Yzg1ODQ0Nzc3MFwiLFwiODRlZmMyZjZlMmRmNjhhMTJlNzhmNDcxZTI2NDU0MDBcIixcImI2ZDA5YWNjYWE5MDFkYzlkOTU0MDhiZDNlMGJiMWViXCIsXCIzMGQxNDUzNzAzMTI0ZGJlZmFhY2I1YWY4NmNmZDk5ZFwiLFwiMzE5YWU0YzhjODUwYzc1MmI0M2JkNmYxOWY5MjQzM2RcIixcIjhkMjZlMWJhOGRhODE5YmIyNDM3ZDBlMzIzNDA4YzVkXCIsXCI5ODQ1YTY0ZWQ1OTUwZDZmYWMxZWM1ZDUxNWIwMjJmM1wiLFwiYmViYTdmZTY4N2JkNmYwNWM0ZGNiZWNkOWJlN2YwOWVcIixcImMwZWMxZmQ1OTQxODAxN2VlYzExMzM4OTkxN2UxYzAyXCJdfSIsImI5OTcyNDMwMzUyNmZiYzgyODRlYzIyNzNjYmVjZTFkIl0=' \/>\n            <input type='hidden' autocomplete='off' class='gform_hidden' name='gform_target_page_number_1' id='gform_target_page_number_1' value='0' \/>\n            <input type='hidden' autocomplete='off' class='gform_hidden' name='gform_source_page_number_1' id='gform_source_page_number_1' value='1' \/>\n            <input type='hidden' name='gform_field_values' value='' \/>\n            \n        <\/div>\n                        <\/form>\n                        <\/div><script>\ngform.initializeOnLoaded( function() {gformInitSpinner( 1, 'https:\/\/norterodados.com\/lambert\/wp-content\/plugins\/gravityforms\/images\/spinner.svg', true );jQuery('#gform_ajax_frame_1').on('load',function(){var contents = jQuery(this).contents().find('*').html();var is_postback = contents.indexOf('GF_AJAX_POSTBACK') >= 0;if(!is_postback){return;}var form_content = jQuery(this).contents().find('#gform_wrapper_1');var is_confirmation = jQuery(this).contents().find('#gform_confirmation_wrapper_1').length > 0;var is_redirect = contents.indexOf('gformRedirect(){') >= 0;var is_form = form_content.length > 0 && ! is_redirect && ! is_confirmation;var mt = parseInt(jQuery('html').css('margin-top'), 10) + parseInt(jQuery('body').css('margin-top'), 10) + 100;if(is_form){jQuery('#gform_wrapper_1').html(form_content.html());if(form_content.hasClass('gform_validation_error')){jQuery('#gform_wrapper_1').addClass('gform_validation_error');} else {jQuery('#gform_wrapper_1').removeClass('gform_validation_error');}setTimeout( function() { \/* delay the scroll by 50 milliseconds to fix a bug in chrome *\/  }, 50 );if(window['gformInitDatepicker']) {gformInitDatepicker();}if(window['gformInitPriceFields']) {gformInitPriceFields();}var current_page = jQuery('#gform_source_page_number_1').val();gformInitSpinner( 1, 'https:\/\/norterodados.com\/lambert\/wp-content\/plugins\/gravityforms\/images\/spinner.svg', true );jQuery(document).trigger('gform_page_loaded', [1, current_page]);window['gf_submitting_1'] = false;}else if(!is_redirect){var confirmation_content = jQuery(this).contents().find('.GF_AJAX_POSTBACK').html();if(!confirmation_content){confirmation_content = contents;}jQuery('#gform_wrapper_1').replaceWith(confirmation_content);jQuery(document).trigger('gform_confirmation_loaded', [1]);window['gf_submitting_1'] = false;wp.a11y.speak(jQuery('#gform_confirmation_message_1').text());}else{jQuery('#gform_1').append(contents);if(window['gformRedirect']) {gformRedirect();}}jQuery(document).trigger(\"gform_pre_post_render\", [{ formId: \"1\", currentPage: \"current_page\", abort: function() { this.preventDefault(); } }]);        if (event && event.defaultPrevented) {                return;        }        const gformWrapperDiv = document.getElementById( \"gform_wrapper_1\" );        if ( gformWrapperDiv ) {            const visibilitySpan = document.createElement( \"span\" );            visibilitySpan.id = \"gform_visibility_test_1\";            gformWrapperDiv.insertAdjacentElement( \"afterend\", visibilitySpan );        }        const visibilityTestDiv = document.getElementById( \"gform_visibility_test_1\" );        let postRenderFired = false;        function triggerPostRender() {            if ( postRenderFired ) {                return;            }            postRenderFired = true;            gform.core.triggerPostRenderEvents( 1, current_page );            if ( visibilityTestDiv ) {                visibilityTestDiv.parentNode.removeChild( visibilityTestDiv );            }        }        function debounce( func, wait, immediate ) {            var timeout;            return function() {                var context = this, args = arguments;                var later = function() {                    timeout = null;                    if ( !immediate ) func.apply( context, args );                };                var callNow = immediate && !timeout;                clearTimeout( timeout );                timeout = setTimeout( later, wait );                if ( callNow ) func.apply( context, args );            };        }        const debouncedTriggerPostRender = debounce( function() {            triggerPostRender();        }, 200 );        if ( visibilityTestDiv && visibilityTestDiv.offsetParent === null ) {            const observer = new MutationObserver( ( mutations ) => {                mutations.forEach( ( mutation ) => {                    if ( mutation.type === 'attributes' && visibilityTestDiv.offsetParent !== null ) {                        debouncedTriggerPostRender();                        observer.disconnect();                    }                });            });            observer.observe( document.body, {                attributes: true,                childList: false,                subtree: true,                attributeFilter: [ 'style', 'class' ],            });        } else {            triggerPostRender();        }    } );} );\n<\/script>\n<\/div><\/div><\/div><\/div><\/section>\n","protected":false},"excerpt":{"rendered":"CONT\u00c1CTENOS Tel\u00e9fono: 54 343 456 9907 LLAMA AHORAEmail: ventas@norterodados.com ENVIAR MAILLa mejor ecuaci\u00f3n de calidad y capacidad NORTE RODADOS S.A. Ruta Nac. 12 &#8211; Km 385,5 General Ram\u00edrez \/ Entre Rios Informaciones para Contacto NombreEmailTel\u00e9fonoEmpresaProvinciaBuenos AiresCatamarcaChacoChubutC\u00f3rdobaCorrientesEntre R\u00edosFormosaJujuyLa PampaLa RiojaMendozaMisionesNeuqu\u00e9nR\u00edo NegroSaltaSan JuanSan Lu\u00edsSanta CruzSanta FeSantiago del EsteroTierra del FuegoTucum\u00e1nCiudadMensaje","protected":false},"author":1,"featured_media":0,"parent":0,"menu_order":0,"comment_status":"closed","ping_status":"closed","template":"","meta":{"_acf_changed":false,"footnotes":""},"class_list":["post-61","page","type-page","status-publish","hentry"],"acf":[],"_links":{"self":[{"href":"https:\/\/norterodados.com\/lambert\/wp-json\/wp\/v2\/pages\/61","targetHints":{"allow":["GET"]}}],"collection":[{"href":"https:\/\/norterodados.com\/lambert\/wp-json\/wp\/v2\/pages"}],"about":[{"href":"https:\/\/norterodados.com\/lambert\/wp-json\/wp\/v2\/types\/page"}],"author":[{"embeddable":true,"href":"https:\/\/norterodados.com\/lambert\/wp-json\/wp\/v2\/users\/1"}],"replies":[{"embeddable":true,"href":"https:\/\/norterodados.com\/lambert\/wp-json\/wp\/v2\/comments?post=61"}],"version-history":[{"count":23,"href":"https:\/\/norterodados.com\/lambert\/wp-json\/wp\/v2\/pages\/61\/revisions"}],"predecessor-version":[{"id":1242,"href":"https:\/\/norterodados.com\/lambert\/wp-json\/wp\/v2\/pages\/61\/revisions\/1242"}],"wp:attachment":[{"href":"https:\/\/norterodados.com\/lambert\/wp-json\/wp\/v2\/media?parent=61"}],"curies":[{"name":"wp","href":"https:\/\/api.w.org\/{rel}","templated":true}]}}