{"id":622,"date":"2024-07-23T20:56:11","date_gmt":"2024-07-23T20:56:11","guid":{"rendered":"https:\/\/norterodados.com\/lambert\/?page_id=622"},"modified":"2024-10-16T15:27:55","modified_gmt":"2024-10-16T15:27:55","slug":"carrocerias","status":"publish","type":"page","link":"https:\/\/norterodados.com\/lambert\/0-km\/carrocerias\/","title":{"rendered":"Carrocer\u00edas"},"content":{"rendered":"<section class=\"l-section wpb_row us_custom_057801f8 height_small\"><div class=\"l-section-h i-cf\"><div class=\"g-cols vc_row via_grid cols_1 laptops-cols_inherit tablets-cols_inherit mobiles-cols_1 valign_top type_boxes stacking_default\"><div class=\"wpb_column vc_column_container\"><div class=\"vc_column-inner\"><div class=\"wpb_text_column us_custom_ee305b75\"><div class=\"wpb_wrapper\"><p><span style=\"color: #159947;\">0KM<\/span><\/p>\n<\/div><\/div><div class=\"w-separator size_custom\" style=\"height:12px\"><\/div><div class=\"wpb_text_column us_custom_cf621ddd\"><div class=\"wpb_wrapper\"><p><span style=\"color: #16372c;\">CARROCER\u00cdAS<\/span><\/p>\n<\/div><\/div><div class=\"w-separator size_medium\"><\/div><div class=\"w-grid type_grid layout_737 cols_3\" id=\"us_grid_1\" style=\"--gap:1.5rem;\" data-filterable=\"true\"><style>@media (max-width:600px){#us_grid_1 .w-grid-list{margin:0}#us_grid_1 .w-grid-item{width:100%;padding:0;margin-bottom:var(--gap,0px)}}.layout_737 .w-grid-item-h{}.layout_737 .usg_post_image_1{transition-duration:0.35s;transform-origin:50% 50%;transform:scale(1) translate(0%,0%)}.layout_737 .w-grid-item-h:hover .usg_post_image_1{transform:scale(1.1) translate(0%,0%);opacity:1;border-color:var(--color-header-middle-text)!important}.layout_737 .usg_post_image_1{position:static!important;left:0!important;top:0!important;bottom:0!important;right:0!important}.layout_737 .usg_post_title_1{color:#16372C!important}.layout_737 .usg_post_taxonomy_1{color:#159947!important}<\/style><div class=\"w-grid-list\">\t<article class=\"w-grid-item size_1x1 post-728 us_portfolio type-us_portfolio status-publish has-post-thumbnail hentry us_portfolio_category-carrocerias\" data-id=\"728\">\r\n\t\t<div class=\"w-grid-item-h\">\r\n\t\t\t\t\t\t<div class=\"w-post-elm post_image usg_post_image_1\"><a href=\"https:\/\/norterodados.com\/lambert\/producto\/curtain-sider\/\" aria-label=\"Curtain Sider\"><img loading=\"lazy\" decoding=\"async\" width=\"1024\" height=\"582\" src=\"https:\/\/norterodados.com\/lambert\/wp-content\/uploads\/2024\/07\/CURTAINSIDER-1024x582.png\" class=\"attachment-large size-large wp-post-image\" alt=\"\" srcset=\"https:\/\/norterodados.com\/lambert\/wp-content\/uploads\/2024\/07\/CURTAINSIDER-1024x582.png 1024w, https:\/\/norterodados.com\/lambert\/wp-content\/uploads\/2024\/07\/CURTAINSIDER-300x171.png 300w\" sizes=\"auto, (max-width: 1024px) 100vw, 1024px\" \/><\/a><\/div><div class=\"w-html usg_html_1\"><br><\/div><div class=\"w-post-elm post_taxonomy usg_post_taxonomy_1 has_text_color style_simple\"><span class=\"term-7 term-carrocerias\">Carrocer\u00edas<\/span><\/div><h4 class=\"w-post-elm post_title usg_post_title_1 has_text_color align_left entry-title\"><a href=\"https:\/\/norterodados.com\/lambert\/producto\/curtain-sider\/\">Curtain Sider<\/a><\/h4>\t\t<\/div>\r\n\t\t\t<\/article>\r\n\t<article class=\"w-grid-item size_1x1 post-832 us_portfolio type-us_portfolio status-publish has-post-thumbnail hentry us_portfolio_category-carrocerias\" data-id=\"832\">\r\n\t\t<div class=\"w-grid-item-h\">\r\n\t\t\t\t\t\t<div class=\"w-post-elm post_image usg_post_image_1\"><a href=\"https:\/\/norterodados.com\/lambert\/producto\/todo-puertas\/\" aria-label=\"Todo Puertas\"><img loading=\"lazy\" decoding=\"async\" width=\"1024\" height=\"582\" src=\"https:\/\/norterodados.com\/lambert\/wp-content\/uploads\/2024\/08\/todopuertascarroceria-1024x582.webp\" class=\"attachment-large size-large wp-post-image\" alt=\"\" srcset=\"https:\/\/norterodados.com\/lambert\/wp-content\/uploads\/2024\/08\/todopuertascarroceria-1024x582.webp 1024w, https:\/\/norterodados.com\/lambert\/wp-content\/uploads\/2024\/08\/todopuertascarroceria-300x171.webp 300w\" sizes=\"auto, (max-width: 1024px) 100vw, 1024px\" \/><\/a><\/div><div class=\"w-html usg_html_1\"><br><\/div><div class=\"w-post-elm post_taxonomy usg_post_taxonomy_1 has_text_color style_simple\"><span class=\"term-7 term-carrocerias\">Carrocer\u00edas<\/span><\/div><h4 class=\"w-post-elm post_title usg_post_title_1 has_text_color align_left entry-title\"><a href=\"https:\/\/norterodados.com\/lambert\/producto\/todo-puertas\/\">Todo Puertas<\/a><\/h4>\t\t<\/div>\r\n\t\t\t<\/article>\r\n\t<article class=\"w-grid-item size_1x1 post-834 us_portfolio type-us_portfolio status-publish has-post-thumbnail hentry us_portfolio_category-carrocerias\" data-id=\"834\">\r\n\t\t<div class=\"w-grid-item-h\">\r\n\t\t\t\t\t\t<div class=\"w-post-elm post_image usg_post_image_1\"><a href=\"https:\/\/norterodados.com\/lambert\/producto\/volcadora\/\" aria-label=\"Volcadora\"><img loading=\"lazy\" decoding=\"async\" width=\"1024\" height=\"582\" src=\"https:\/\/norterodados.com\/lambert\/wp-content\/uploads\/2024\/08\/volcadoracarroceria-1024x582.webp\" class=\"attachment-large size-large wp-post-image\" alt=\"\" srcset=\"https:\/\/norterodados.com\/lambert\/wp-content\/uploads\/2024\/08\/volcadoracarroceria-1024x582.webp 1024w, https:\/\/norterodados.com\/lambert\/wp-content\/uploads\/2024\/08\/volcadoracarroceria-300x171.webp 300w\" sizes=\"auto, (max-width: 1024px) 100vw, 1024px\" \/><\/a><\/div><div class=\"w-html usg_html_1\"><br><\/div><div class=\"w-post-elm post_taxonomy usg_post_taxonomy_1 has_text_color style_simple\"><span class=\"term-7 term-carrocerias\">Carrocer\u00edas<\/span><\/div><h4 class=\"w-post-elm post_title usg_post_title_1 has_text_color align_left entry-title\"><a href=\"https:\/\/norterodados.com\/lambert\/producto\/volcadora\/\">Volcadora<\/a><\/h4>\t\t<\/div>\r\n\t\t\t<\/article>\r\n\t<article class=\"w-grid-item size_1x1 post-836 us_portfolio type-us_portfolio status-publish has-post-thumbnail hentry us_portfolio_category-carrocerias\" data-id=\"836\">\r\n\t\t<div class=\"w-grid-item-h\">\r\n\t\t\t\t\t\t<div class=\"w-post-elm post_image usg_post_image_1\"><a href=\"https:\/\/norterodados.com\/lambert\/producto\/isotermica\/\" aria-label=\"Isot\u00e9rmica\"><img loading=\"lazy\" decoding=\"async\" width=\"1024\" height=\"582\" src=\"https:\/\/norterodados.com\/lambert\/wp-content\/uploads\/2024\/08\/isotermicocarroceria-1024x582.webp\" class=\"attachment-large size-large wp-post-image\" alt=\"\" srcset=\"https:\/\/norterodados.com\/lambert\/wp-content\/uploads\/2024\/08\/isotermicocarroceria-1024x582.webp 1024w, https:\/\/norterodados.com\/lambert\/wp-content\/uploads\/2024\/08\/isotermicocarroceria-300x171.webp 300w\" sizes=\"auto, (max-width: 1024px) 100vw, 1024px\" \/><\/a><\/div><div class=\"w-html usg_html_1\"><br><\/div><div class=\"w-post-elm post_taxonomy usg_post_taxonomy_1 has_text_color style_simple\"><span class=\"term-7 term-carrocerias\">Carrocer\u00edas<\/span><\/div><h4 class=\"w-post-elm post_title usg_post_title_1 has_text_color align_left entry-title\"><a href=\"https:\/\/norterodados.com\/lambert\/producto\/isotermica\/\">Isot\u00e9rmica<\/a><\/h4>\t\t<\/div>\r\n\t\t\t<\/article>\r\n\t<article class=\"w-grid-item size_1x1 post-838 us_portfolio type-us_portfolio status-publish has-post-thumbnail hentry us_portfolio_category-carrocerias\" data-id=\"838\">\r\n\t\t<div class=\"w-grid-item-h\">\r\n\t\t\t\t\t\t<div class=\"w-post-elm post_image usg_post_image_1\"><a href=\"https:\/\/norterodados.com\/lambert\/producto\/bi-vuelco\/\" aria-label=\"Bi Vuelco\"><img loading=\"lazy\" decoding=\"async\" width=\"1024\" height=\"582\" src=\"https:\/\/norterodados.com\/lambert\/wp-content\/uploads\/2024\/08\/bivuelcocarroceria-1024x582.webp\" class=\"attachment-large size-large wp-post-image\" alt=\"\" srcset=\"https:\/\/norterodados.com\/lambert\/wp-content\/uploads\/2024\/08\/bivuelcocarroceria-1024x582.webp 1024w, https:\/\/norterodados.com\/lambert\/wp-content\/uploads\/2024\/08\/bivuelcocarroceria-300x171.webp 300w\" sizes=\"auto, (max-width: 1024px) 100vw, 1024px\" \/><\/a><\/div><div class=\"w-html usg_html_1\"><br><\/div><div class=\"w-post-elm post_taxonomy usg_post_taxonomy_1 has_text_color style_simple\"><span class=\"term-7 term-carrocerias\">Carrocer\u00edas<\/span><\/div><h4 class=\"w-post-elm post_title usg_post_title_1 has_text_color align_left entry-title\"><a href=\"https:\/\/norterodados.com\/lambert\/producto\/bi-vuelco\/\">Bi Vuelco<\/a><\/h4>\t\t<\/div>\r\n\t\t\t<\/article>\r\n\t<article class=\"w-grid-item size_1x1 post-840 us_portfolio type-us_portfolio status-publish has-post-thumbnail hentry us_portfolio_category-carrocerias\" data-id=\"840\">\r\n\t\t<div class=\"w-grid-item-h\">\r\n\t\t\t\t\t\t<div class=\"w-post-elm post_image usg_post_image_1\"><a href=\"https:\/\/norterodados.com\/lambert\/producto\/paquetera\/\" aria-label=\"Paquetera\"><img loading=\"lazy\" decoding=\"async\" width=\"1024\" height=\"582\" src=\"https:\/\/norterodados.com\/lambert\/wp-content\/uploads\/2024\/08\/paqueteracarroceria-1024x582.webp\" class=\"attachment-large size-large wp-post-image\" alt=\"\" srcset=\"https:\/\/norterodados.com\/lambert\/wp-content\/uploads\/2024\/08\/paqueteracarroceria-1024x582.webp 1024w, https:\/\/norterodados.com\/lambert\/wp-content\/uploads\/2024\/08\/paqueteracarroceria-300x171.webp 300w\" sizes=\"auto, (max-width: 1024px) 100vw, 1024px\" \/><\/a><\/div><div class=\"w-html usg_html_1\"><br><\/div><div class=\"w-post-elm post_taxonomy usg_post_taxonomy_1 has_text_color style_simple\"><span class=\"term-7 term-carrocerias\">Carrocer\u00edas<\/span><\/div><h4 class=\"w-post-elm post_title usg_post_title_1 has_text_color align_left entry-title\"><a href=\"https:\/\/norterodados.com\/lambert\/producto\/paquetera\/\">Paquetera<\/a><\/h4>\t\t<\/div>\r\n\t\t\t<\/article>\r\n\t<article class=\"w-grid-item size_1x1 post-842 us_portfolio type-us_portfolio status-publish has-post-thumbnail hentry us_portfolio_category-carrocerias\" data-id=\"842\">\r\n\t\t<div class=\"w-grid-item-h\">\r\n\t\t\t\t\t\t<div class=\"w-post-elm post_image usg_post_image_1\"><a href=\"https:\/\/norterodados.com\/lambert\/producto\/curtain-sider-barandas-volcables\/\" aria-label=\"Curtain Sider Barandas Volcables\"><img loading=\"lazy\" decoding=\"async\" width=\"1024\" height=\"582\" src=\"https:\/\/norterodados.com\/lambert\/wp-content\/uploads\/2024\/08\/Curtain-Sider-Barandas-Volcables-carroceria-1024x582.webp\" class=\"attachment-large size-large wp-post-image\" alt=\"\" srcset=\"https:\/\/norterodados.com\/lambert\/wp-content\/uploads\/2024\/08\/Curtain-Sider-Barandas-Volcables-carroceria-1024x582.webp 1024w, https:\/\/norterodados.com\/lambert\/wp-content\/uploads\/2024\/08\/Curtain-Sider-Barandas-Volcables-carroceria-300x171.webp 300w\" sizes=\"auto, (max-width: 1024px) 100vw, 1024px\" \/><\/a><\/div><div class=\"w-html usg_html_1\"><br><\/div><div class=\"w-post-elm post_taxonomy usg_post_taxonomy_1 has_text_color style_simple\"><span class=\"term-7 term-carrocerias\">Carrocer\u00edas<\/span><\/div><h4 class=\"w-post-elm post_title usg_post_title_1 has_text_color align_left entry-title\"><a href=\"https:\/\/norterodados.com\/lambert\/producto\/curtain-sider-barandas-volcables\/\">Curtain Sider Barandas Volcables<\/a><\/h4>\t\t<\/div>\r\n\t\t\t<\/article>\r\n\t<article class=\"w-grid-item size_1x1 post-844 us_portfolio type-us_portfolio status-publish has-post-thumbnail hentry us_portfolio_category-carrocerias\" data-id=\"844\">\r\n\t\t<div class=\"w-grid-item-h\">\r\n\t\t\t\t\t\t<div class=\"w-post-elm post_image usg_post_image_1\"><a href=\"https:\/\/norterodados.com\/lambert\/producto\/pollera\/\" aria-label=\"Pollera\"><img loading=\"lazy\" decoding=\"async\" width=\"1024\" height=\"582\" src=\"https:\/\/norterodados.com\/lambert\/wp-content\/uploads\/2024\/07\/Carrocerias1-1024x582.png\" class=\"attachment-large size-large wp-post-image\" alt=\"\" srcset=\"https:\/\/norterodados.com\/lambert\/wp-content\/uploads\/2024\/07\/Carrocerias1-1024x582.png 1024w, https:\/\/norterodados.com\/lambert\/wp-content\/uploads\/2024\/07\/Carrocerias1-300x171.png 300w\" sizes=\"auto, (max-width: 1024px) 100vw, 1024px\" \/><\/a><\/div><div class=\"w-html usg_html_1\"><br><\/div><div class=\"w-post-elm post_taxonomy usg_post_taxonomy_1 has_text_color style_simple\"><span class=\"term-7 term-carrocerias\">Carrocer\u00edas<\/span><\/div><h4 class=\"w-post-elm post_title usg_post_title_1 has_text_color align_left entry-title\"><a href=\"https:\/\/norterodados.com\/lambert\/producto\/pollera\/\">Pollera<\/a><\/h4>\t\t<\/div>\r\n\t\t\t<\/article>\r\n<\/div><div class=\"w-grid-preloader\">\t<div class=\"g-preloader type_3\">\r\n\t\t<div><\/div>\r\n\t<\/div>\r\n\t<\/div>\t<div class=\"w-grid-json hidden\" onclick='return {&quot;action&quot;:&quot;us_ajax_grid&quot;,&quot;infinite_scroll&quot;:0,&quot;max_num_pages&quot;:1,&quot;pagination&quot;:&quot;none&quot;,&quot;template_vars&quot;:{&quot;columns&quot;:&quot;3&quot;,&quot;exclude_items&quot;:&quot;none&quot;,&quot;img_size&quot;:&quot;default&quot;,&quot;ignore_items_size&quot;:0,&quot;items_layout&quot;:&quot;737&quot;,&quot;items_offset&quot;:&quot;1&quot;,&quot;load_animation&quot;:&quot;none&quot;,&quot;overriding_link&quot;:&quot;%7B%22url%22%3A%22%22%7D&quot;,&quot;post_id&quot;:0,&quot;query_args&quot;:{&quot;post_type&quot;:[&quot;us_portfolio&quot;],&quot;tax_query&quot;:[{&quot;taxonomy&quot;:&quot;us_portfolio_category&quot;,&quot;field&quot;:&quot;slug&quot;,&quot;terms&quot;:[&quot;carrocerias&quot;]}],&quot;post_status&quot;:[&quot;publish&quot;,&quot;acf-disabled&quot;],&quot;posts_per_page&quot;:&quot;18&quot;},&quot;orderby_query_args&quot;:{&quot;orderby&quot;:{&quot;date&quot;:&quot;ASC&quot;}},&quot;type&quot;:&quot;grid&quot;,&quot;us_grid_post_type&quot;:&quot;us_portfolio&quot;,&quot;us_grid_ajax_index&quot;:1,&quot;us_grid_filter_params&quot;:[],&quot;us_grid_index&quot;:1,&quot;page_args&quot;:[]}}'><\/div>\r\n\t<\/div><\/div><\/div><\/div><\/div><\/section>\n","protected":false},"excerpt":{"rendered":"Carrocer\u00edasPollera La carrocer\u00eda tipo pollera, contribuye a la industria av\u00edcola y granjas, facilitando el traslado de pollos desde criaderos hasta centros de procesamiento y distribuci\u00f3n. USOS Y VENTAJAS Facilita el acceso a las jaulas y la carga eficiente de aves vivas, optimizando los tiempos log\u00edsticos y mejorando la productividad. Garantiza la sujeci\u00f3n segura de las...","protected":false},"author":1,"featured_media":725,"parent":614,"menu_order":0,"comment_status":"closed","ping_status":"closed","template":"","meta":{"_acf_changed":false,"footnotes":""},"class_list":["post-622","page","type-page","status-publish","has-post-thumbnail","hentry"],"acf":[],"_links":{"self":[{"href":"https:\/\/norterodados.com\/lambert\/wp-json\/wp\/v2\/pages\/622","targetHints":{"allow":["GET"]}}],"collection":[{"href":"https:\/\/norterodados.com\/lambert\/wp-json\/wp\/v2\/pages"}],"about":[{"href":"https:\/\/norterodados.com\/lambert\/wp-json\/wp\/v2\/types\/page"}],"author":[{"embeddable":true,"href":"https:\/\/norterodados.com\/lambert\/wp-json\/wp\/v2\/users\/1"}],"replies":[{"embeddable":true,"href":"https:\/\/norterodados.com\/lambert\/wp-json\/wp\/v2\/comments?post=622"}],"version-history":[{"count":16,"href":"https:\/\/norterodados.com\/lambert\/wp-json\/wp\/v2\/pages\/622\/revisions"}],"predecessor-version":[{"id":1228,"href":"https:\/\/norterodados.com\/lambert\/wp-json\/wp\/v2\/pages\/622\/revisions\/1228"}],"up":[{"embeddable":true,"href":"https:\/\/norterodados.com\/lambert\/wp-json\/wp\/v2\/pages\/614"}],"wp:featuredmedia":[{"embeddable":true,"href":"https:\/\/norterodados.com\/lambert\/wp-json\/wp\/v2\/media\/725"}],"wp:attachment":[{"href":"https:\/\/norterodados.com\/lambert\/wp-json\/wp\/v2\/media?parent=622"}],"curies":[{"name":"wp","href":"https:\/\/api.w.org\/{rel}","templated":true}]}}