{"id":638,"date":"2024-07-23T23:54:04","date_gmt":"2024-07-23T23:54:04","guid":{"rendered":"https:\/\/norterodados.com\/lambert\/?page_id=638"},"modified":"2024-10-16T13:34:09","modified_gmt":"2024-10-16T13:34:09","slug":"manuales","status":"publish","type":"page","link":"https:\/\/norterodados.com\/lambert\/manuales\/","title":{"rendered":"Manuales"},"content":{"rendered":"<section class=\"l-section wpb_row us_custom_057801f8 height_huge color_primary with_img parallax_ver parallaxdir_reversed\"><div class=\"l-section-img\" role=\"img\" data-img-width=\"1920\" data-img-height=\"1080\" style=\"background-image: url(https:\/\/norterodados.com\/lambert\/wp-content\/uploads\/2024\/07\/bg-blue-blaco.png);background-repeat: no-repeat;\"><\/div><div class=\"l-section-h i-cf\"><div class=\"g-cols vc_row via_grid cols_1 laptops-cols_inherit tablets-cols_inherit mobiles-cols_1 valign_top type_default stacking_default\"><div class=\"wpb_column vc_column_container\"><div class=\"vc_column-inner\"><div class=\"g-cols wpb_row via_grid cols_2 laptops-cols_inherit tablets-cols_inherit mobiles-cols_1 valign_middle type_default stacking_default\" style=\"--gap:3.3rem;\"><div class=\"wpb_column vc_column_container\"><div class=\"vc_column-inner\"><h3 class=\"w-text us_custom_15f5282f has_text_color\"><span class=\"w-text-h\"><span class=\"w-text-value\">MANUAL DE USUARIO DIGITAL<\/span><\/span><\/h3><div class=\"w-separator size_small\"><\/div><div class=\"wpb_text_column us_custom_df5f4c97 has_text_color\"><div class=\"wpb_wrapper\"><p>En\u00a0<strong>Lambert<\/strong>\u00a0estamos comprometidos con la reducci\u00f3n y el uso responsable del papel. Es por eso que nuestro manual de usuario es completamente digital.<\/p>\n<p>De ese modo no solo reducimos el impacto medioambiental, si no que tambi\u00e9n vas a poder contar siempre con una versi\u00f3n con informaci\u00f3n actualizada.<\/p>\n<p>Aqu\u00ed pod\u00e9s descargar la \u00faltima versi\u00f3n actualizada.<\/p>\n<\/div><\/div><div class=\"w-separator size_small\"><\/div><div class=\"w-btn-wrapper align_left\"><a class=\"w-btn us-btn-style_2\" href=\"https:\/\/norterodados.com\/lambert\/wp-content\/uploads\/2024\/10\/MANUAL-LAMBERT-25-10-22_compressed.pdf\"><span class=\"w-btn-label\">Descargar PDF<\/span><\/a><\/div><\/div><\/div><div class=\"wpb_column vc_column_container\"><div class=\"vc_column-inner\"><div class=\"w-image align_none\"><div class=\"w-image-h\"><img decoding=\"async\" width=\"1024\" height=\"582\" src=\"https:\/\/norterodados.com\/lambert\/wp-content\/uploads\/2024\/10\/NUESTROS_MANUALES-1024x582.webp\" class=\"attachment-large size-large\" alt=\"\" loading=\"lazy\" srcset=\"https:\/\/norterodados.com\/lambert\/wp-content\/uploads\/2024\/10\/NUESTROS_MANUALES-1024x582.webp 1024w, https:\/\/norterodados.com\/lambert\/wp-content\/uploads\/2024\/10\/NUESTROS_MANUALES-300x171.webp 300w\" sizes=\"auto, (max-width: 1024px) 100vw, 1024px\" \/><\/div><\/div><\/div><\/div><\/div><div class=\"g-cols wpb_row via_grid cols_1 laptops-cols_inherit tablets-cols_inherit mobiles-cols_1 valign_top type_default stacking_default\" style=\"--gap:3rem;\"><div class=\"wpb_column vc_column_container\"><div class=\"vc_column-inner\"><div class=\"w-separator size_large\"><\/div><div class=\"wpb_text_column\"><div class=\"wpb_wrapper\"><a href=\"https:\/\/norterodados.com\/lambert\/wp-content\/uploads\/2024\/10\/MANUAL-LAMBERT-25-10-22_compressed.pdf\" class=\"pdfemb-viewer\" style=\"\" data-width=\"max\" data-height=\"max\" data-toolbar=\"bottom\" data-toolbar-fixed=\"off\">MANUAL-LAMBERT-25-10-22_compressed<\/a>\n<\/div><\/div><\/div><\/div><\/div><\/div><\/div><\/div><\/div><\/section>\n","protected":false},"excerpt":{"rendered":"MANUAL DE USUARIO DIGITALEn\u00a0Lambert\u00a0estamos comprometidos con la reducci\u00f3n y el uso responsable del papel. Es por eso que nuestro manual de usuario es completamente digital. De ese modo no solo reducimos el impacto medioambiental, si no que tambi\u00e9n vas a poder contar siempre con una versi\u00f3n con informaci\u00f3n actualizada. Aqu\u00ed pod\u00e9s descargar la \u00faltima versi\u00f3n...","protected":false},"author":1,"featured_media":0,"parent":0,"menu_order":0,"comment_status":"closed","ping_status":"closed","template":"","meta":{"_acf_changed":false,"footnotes":""},"class_list":["post-638","page","type-page","status-publish","hentry"],"acf":[],"_links":{"self":[{"href":"https:\/\/norterodados.com\/lambert\/wp-json\/wp\/v2\/pages\/638","targetHints":{"allow":["GET"]}}],"collection":[{"href":"https:\/\/norterodados.com\/lambert\/wp-json\/wp\/v2\/pages"}],"about":[{"href":"https:\/\/norterodados.com\/lambert\/wp-json\/wp\/v2\/types\/page"}],"author":[{"embeddable":true,"href":"https:\/\/norterodados.com\/lambert\/wp-json\/wp\/v2\/users\/1"}],"replies":[{"embeddable":true,"href":"https:\/\/norterodados.com\/lambert\/wp-json\/wp\/v2\/comments?post=638"}],"version-history":[{"count":26,"href":"https:\/\/norterodados.com\/lambert\/wp-json\/wp\/v2\/pages\/638\/revisions"}],"predecessor-version":[{"id":1147,"href":"https:\/\/norterodados.com\/lambert\/wp-json\/wp\/v2\/pages\/638\/revisions\/1147"}],"wp:attachment":[{"href":"https:\/\/norterodados.com\/lambert\/wp-json\/wp\/v2\/media?parent=638"}],"curies":[{"name":"wp","href":"https:\/\/api.w.org\/{rel}","templated":true}]}}