{"id":1047,"date":"2024-08-29T15:59:11","date_gmt":"2024-08-29T18:59:11","guid":{"rendered":"https:\/\/norterodados.com\/shacman\/?page_id=1047"},"modified":"2024-08-29T17:21:45","modified_gmt":"2024-08-29T20:21:45","slug":"postventa","status":"publish","type":"page","link":"https:\/\/norterodados.com\/shacman\/postventa\/","title":{"rendered":"POSTVENTA"},"content":{"rendered":"<section class=\"l-section wpb_row height_huge full_height valign_center with_img\"><div class=\"l-section-img\" role=\"img\" data-img-width=\"765\" data-img-height=\"430\" style=\"background-image: url(https:\/\/norterodados.com\/shacman\/wp-content\/uploads\/2024\/08\/after-sales-image.jpg);\"><\/div><div class=\"l-section-overlay\" style=\"background:rgba(0,0,0,0.70)\"><\/div><div class=\"l-section-h i-cf\"><div class=\"g-cols vc_row via_grid cols_1 laptops-cols_inherit tablets-cols_inherit mobiles-cols_1 valign_top type_default stacking_default\"><div class=\"wpb_column vc_column_container\"><div class=\"vc_column-inner\"><div class=\"w-text us_custom_915e25e1 has_text_color\"><span class=\"w-text-h\"><span class=\"w-text-value\">LLEGAMOS CON PROGRAMAS Y SOLUCIONES DE POSTVENTA EXITOSOS<\/span><\/span><\/div><\/div><\/div><\/div><\/div><\/section><section class=\"l-section wpb_row us_custom_d6aae710 height_auto\"><div class=\"l-section-h i-cf\"><div class=\"g-cols vc_row via_grid cols_1 laptops-cols_inherit tablets-cols_inherit mobiles-cols_1 valign_top type_default stacking_default\"><div class=\"wpb_column vc_column_container\"><div class=\"vc_column-inner\"><div class=\"w-separator size_medium with_line width_default thick_3 style_solid color_border align_center\"><div class=\"w-separator-h\"><\/div><\/div><div class=\"w-text us_custom_0383fa41 has_text_color\"><span class=\"w-text-h\"><span class=\"w-text-value\">CONTINUIDAD GARANTIZADA<\/span><\/span><\/div><\/div><\/div><\/div><\/div><\/section><section class=\"l-section wpb_row us_custom_d6aae710 height_auto\"><div class=\"l-section-h i-cf\"><div class=\"g-cols vc_row via_grid cols_3-1 laptops-cols_inherit tablets-cols_inherit mobiles-cols_1 valign_middle type_default stacking_default\"><div class=\"wpb_column vc_column_container\"><div class=\"vc_column-inner\"><div class=\"w-separator size_small\"><\/div><div class=\"wpb_text_column us_custom_cbad90dc has_text_color\"><div class=\"wpb_wrapper\"><p style=\"text-align: justify;\">Shacman ofrece a sus usuarios un servicio especializado en una red que se desarrolla a nivel nacional para poder atender desde zonas urbanas a rurales, con soporte en ruta y provisi\u00f3n de repuestos originales que aseguran la extensa vida \u00fatil del cami\u00f3n. El compromiso para con nuestros clientes de asegurar la continuidad de sus negocios para lograr la constancia que el negocio requiere est\u00e1 profundamente implantado en la filosof\u00eda de la marca a nivel global.<\/p>\n<\/div><\/div><\/div><\/div><div class=\"wpb_column vc_column_container\"><div class=\"vc_column-inner\"><div class=\"w-image has_ratio align_none\"><div class=\"w-image-h\"><div style=\"padding-bottom:75%\"><\/div><img decoding=\"async\" width=\"228\" height=\"235\" src=\"https:\/\/norterodados.com\/shacman\/wp-content\/uploads\/2024\/08\/pistones.png\" class=\"attachment-large size-large\" alt=\"\" loading=\"lazy\" \/><\/div><\/div><\/div><\/div><\/div><\/div><\/section><section class=\"l-section wpb_row us_custom_d6aae710 height_small\"><div class=\"l-section-h i-cf\"><div class=\"g-cols vc_row via_grid cols_3-1 laptops-cols_inherit tablets-cols_inherit mobiles-cols_1 valign_middle type_default stacking_default\"><div class=\"wpb_column vc_column_container\"><div class=\"vc_column-inner\"><div class=\"w-separator size_small\"><\/div><div class=\"wpb_text_column us_custom_cbad90dc has_text_color\"><div class=\"wpb_wrapper\"><p style=\"text-align: justify;\">Argentina no es la excepci\u00f3n a la regla, habiendo dise\u00f1ado su servicio postventa de forma integral a fin de poder ofrecer la mejor garant\u00eda del mercado para que el cliente se sienta seguro de que la marca lo acompa\u00f1ar\u00e1 hasta en los desaf\u00edos m\u00e1s exigentes. Somos perfectamente conscientes que no siempre es f\u00e1cil apostar y confiar en una nueva marca, a pesar de su intachable trayectoria mundial y por eso aseguraremos el respaldo en cada paso del camino.<\/p>\n<\/div><\/div><\/div><\/div><div class=\"wpb_column vc_column_container\"><div class=\"vc_column-inner\"><div class=\"w-image has_ratio align_none\"><div class=\"w-image-h\"><div style=\"padding-bottom:75%\"><\/div><img decoding=\"async\" width=\"380\" height=\"240\" src=\"https:\/\/norterodados.com\/shacman\/wp-content\/uploads\/2024\/08\/pistones_2.png\" class=\"attachment-large size-large\" alt=\"\" loading=\"lazy\" srcset=\"https:\/\/norterodados.com\/shacman\/wp-content\/uploads\/2024\/08\/pistones_2.png 380w, https:\/\/norterodados.com\/shacman\/wp-content\/uploads\/2024\/08\/pistones_2-300x189.png 300w\" sizes=\"auto, (max-width: 380px) 100vw, 380px\" \/><\/div><\/div><\/div><\/div><\/div><\/div><\/section><section class=\"l-section wpb_row us_custom_d6aae710 height_auto\"><div class=\"l-section-h i-cf\"><div class=\"g-cols vc_row via_grid cols_custom laptops-cols_inherit tablets-cols_inherit mobiles-cols_1 valign_top type_default stacking_default\" style=\"--custom-columns:0.5fr 5fr 0.5fr \"><div class=\"wpb_column vc_column_container\"><div class=\"vc_column-inner\"><\/div><\/div><div class=\"wpb_column vc_column_container\"><div class=\"vc_column-inner\"><div class=\"w-separator size_medium\"><\/div><div class=\"w-grid type_grid layout_881 cols_3 overflow_hidden\" id=\"us_grid_1\" style=\"--gap:1.5rem;\" data-filterable=\"true\"><style>@media (max-width:1024px){#us_grid_1 .w-grid-item{width:50%}}@media (max-width:600px){#us_grid_1 .w-grid-list{margin:0}#us_grid_1 .w-grid-item{width:100%;padding:0;margin-bottom:var(--gap,0px)}}.layout_881 .w-grid-item-h{color:var(--color-header-middle-bg);border-radius:0.3rem;box-shadow:0 0.03rem 0.06rem rgba(0,0,0,0.1),0 0.1rem 0.3rem rgba(0,0,0,0.1);transition-duration:0.3s}.no-touch .layout_881 .w-grid-item-h:hover{box-shadow:0 0.1rem 0.2rem rgba(0,0,0,0.1),0 0.33rem 1rem rgba(0,0,0,0.15);z-index:4}.layout_881 .usg_post_image_1{margin-bottom:-2rem!important;position:static!important}.layout_881 .usg_post_title_1{font-size:1.4rem!important;font-weight:300!important}.layout_881 .usg_vwrapper_1{margin-top:2rem!important;position:static!important;background:linear-gradient(180deg,#002741,#000000)!important;padding:9% 11% 11% 11%!important}.layout_881 .usg_post_content_1{font-weight:100!important}@media (max-width:600px){.layout_881 .usg_post_title_1{font-size:1.2rem!important}}<\/style><div class=\"w-grid-list\">\t<article class=\"w-grid-item post-1055 us_portfolio type-us_portfolio status-publish has-post-thumbnail hentry us_portfolio_category-postventa\" data-id=\"1055\">\r\n\t\t<div class=\"w-grid-item-h\">\r\n\t\t\t\t\t\t<div class=\"w-post-elm post_image usg_post_image_1 stretched\"><img loading=\"lazy\" decoding=\"async\" width=\"271\" height=\"300\" src=\"https:\/\/norterodados.com\/shacman\/wp-content\/uploads\/2024\/08\/repuestos_originales-271x300.png\" class=\"attachment-medium size-medium wp-post-image\" alt=\"\" srcset=\"https:\/\/norterodados.com\/shacman\/wp-content\/uploads\/2024\/08\/repuestos_originales-271x300.png 271w, https:\/\/norterodados.com\/shacman\/wp-content\/uploads\/2024\/08\/repuestos_originales.png 399w\" sizes=\"auto, (max-width: 271px) 100vw, 271px\" \/><\/div><div class=\"w-vwrapper usg_vwrapper_1 align_none valign_top\"><h2 class=\"w-post-elm post_title usg_post_title_1 entry-title color_link_inherit\">REPUESTOS ORIGINALES<\/h2><div class=\"w-post-elm post_content usg_post_content_1\">Shacman es garant\u00eda de una provisi\u00f3n continua de partes y accesorios originales a costos que permiten al usuario del veh\u00edculo mantener la alta calidad del producto durante toda su vida \u00fatil, asegurando que el negocio nunca frene.<\/div><\/div>\t\t<\/div>\r\n\t\t\t<\/article>\r\n\t<article class=\"w-grid-item post-1058 us_portfolio type-us_portfolio status-publish has-post-thumbnail hentry us_portfolio_category-postventa\" data-id=\"1058\">\r\n\t\t<div class=\"w-grid-item-h\">\r\n\t\t\t\t\t\t<div class=\"w-post-elm post_image usg_post_image_1 stretched\"><img loading=\"lazy\" decoding=\"async\" width=\"271\" height=\"300\" src=\"https:\/\/norterodados.com\/shacman\/wp-content\/uploads\/2024\/08\/red_servicio-271x300.png\" class=\"attachment-medium size-medium wp-post-image\" alt=\"\" srcset=\"https:\/\/norterodados.com\/shacman\/wp-content\/uploads\/2024\/08\/red_servicio-271x300.png 271w, https:\/\/norterodados.com\/shacman\/wp-content\/uploads\/2024\/08\/red_servicio.png 400w\" sizes=\"auto, (max-width: 271px) 100vw, 271px\" \/><\/div><div class=\"w-vwrapper usg_vwrapper_1 align_none valign_top\"><h2 class=\"w-post-elm post_title usg_post_title_1 entry-title color_link_inherit\">RED DE SERVICIO SHACMAN<\/h2><div class=\"w-post-elm post_content usg_post_content_1\">Con personal constantemente capacitado y especializado seg\u00fan los m\u00e1s altos est\u00e1ndares internacionales, la red de servicio Shacman en Argentina ofrece la confianza de contar en todo momento con la asistencia t\u00e9cnica necesaria para sortear cualquier obst\u00e1culo.<\/div><\/div>\t\t<\/div>\r\n\t\t\t<\/article>\r\n\t<article class=\"w-grid-item post-1061 us_portfolio type-us_portfolio status-publish has-post-thumbnail hentry us_portfolio_category-postventa\" data-id=\"1061\">\r\n\t\t<div class=\"w-grid-item-h\">\r\n\t\t\t\t\t\t<div class=\"w-post-elm post_image usg_post_image_1 stretched\"><img loading=\"lazy\" decoding=\"async\" width=\"271\" height=\"300\" src=\"https:\/\/norterodados.com\/shacman\/wp-content\/uploads\/2024\/08\/asistencia_ruta-271x300.png\" class=\"attachment-medium size-medium wp-post-image\" alt=\"\" srcset=\"https:\/\/norterodados.com\/shacman\/wp-content\/uploads\/2024\/08\/asistencia_ruta-271x300.png 271w, https:\/\/norterodados.com\/shacman\/wp-content\/uploads\/2024\/08\/asistencia_ruta.png 399w\" sizes=\"auto, (max-width: 271px) 100vw, 271px\" \/><\/div><div class=\"w-vwrapper usg_vwrapper_1 align_none valign_top\"><h2 class=\"w-post-elm post_title usg_post_title_1 entry-title color_link_inherit\">ASISTENCIA EN RUTA<\/h2><div class=\"w-post-elm post_content usg_post_content_1\">Para minimizar al m\u00e1ximo los costos operativos ante una eventualidad, un taller m\u00f3vil completamente equipado y una l\u00ednea telef\u00f3nica 24\/7 dan soporte a todos los usuarios Shacman, tanto dentro como fuera del per\u00edodo de garant\u00eda del veh\u00edculo.<\/div><\/div>\t\t<\/div>\r\n\t\t\t<\/article>\r\n<\/div><div class=\"w-grid-preloader\">\t<div class=\"g-preloader type_1\">\r\n\t\t<div><\/div>\r\n\t<\/div>\r\n\t<\/div>\t<div class=\"w-grid-json hidden\" onclick='return {&quot;action&quot;:&quot;us_ajax_grid&quot;,&quot;infinite_scroll&quot;:0,&quot;max_num_pages&quot;:1,&quot;pagination&quot;:&quot;none&quot;,&quot;template_vars&quot;:{&quot;columns&quot;:&quot;3&quot;,&quot;exclude_items&quot;:&quot;none&quot;,&quot;img_size&quot;:&quot;medium&quot;,&quot;ignore_items_size&quot;:&quot;1&quot;,&quot;items_layout&quot;:&quot;881&quot;,&quot;items_offset&quot;:&quot;1&quot;,&quot;load_animation&quot;:&quot;none&quot;,&quot;overriding_link&quot;:&quot;%7B%22url%22%3A%22%22%7D&quot;,&quot;post_id&quot;:0,&quot;query_args&quot;:{&quot;post_type&quot;:[&quot;us_portfolio&quot;],&quot;tax_query&quot;:[{&quot;taxonomy&quot;:&quot;us_portfolio_category&quot;,&quot;field&quot;:&quot;slug&quot;,&quot;terms&quot;:[&quot;postventa&quot;]}],&quot;post_status&quot;:[&quot;publish&quot;],&quot;posts_per_page&quot;:&quot;10&quot;},&quot;orderby_query_args&quot;:{&quot;orderby&quot;:{&quot;date&quot;:&quot;ASC&quot;}},&quot;type&quot;:&quot;grid&quot;,&quot;us_grid_post_type&quot;:&quot;us_portfolio&quot;,&quot;us_grid_ajax_index&quot;:1,&quot;us_grid_filter_params&quot;:[],&quot;us_grid_index&quot;:1,&quot;page_args&quot;:[]}}'><\/div>\r\n\t<\/div><\/div><\/div><div class=\"wpb_column vc_column_container\"><div class=\"vc_column-inner\"><\/div><\/div><\/div><\/div><\/section><section class=\"l-section wpb_row height_medium\"><div class=\"l-section-h i-cf\"><div class=\"g-cols vc_row via_grid cols_1 laptops-cols_inherit tablets-cols_inherit mobiles-cols_1 valign_top type_default stacking_default\"><div class=\"wpb_column vc_column_container\"><div class=\"vc_column-inner\"><div class=\"w-vwrapper align_center valign_top\"><div class=\"w-text us_custom_0383fa41 has_text_color\"><span class=\"w-text-h\"><span class=\"w-text-value\">CONOCE SOBRE NUESTROS SERVICIOS<\/span><\/span><\/div><div class=\"w-btn-wrapper align_center\"><a class=\"w-btn us-btn-style_2 icon_atright\" href=\"https:\/\/norterodados.com\/shacman\/contacto\/\"><span class=\"w-btn-label\">Contactar<\/span><i class=\"fas fa-comments\"><\/i><\/a><\/div><\/div><\/div><\/div><\/div><\/div><\/section>\n","protected":false},"excerpt":{"rendered":"Para minimizar al m\u00e1ximo los costos operativos ante una eventualidad, un taller m\u00f3vil completamente equipado y una l\u00ednea telef\u00f3nica 24\/7 dan soporte a todos los usuarios Shacman, tanto dentro como fuera del per\u00edodo de garant\u00eda del veh\u00edculo.","protected":false},"author":1,"featured_media":0,"parent":0,"menu_order":0,"comment_status":"closed","ping_status":"closed","template":"","meta":{"footnotes":""},"class_list":["post-1047","page","type-page","status-publish","hentry"],"_links":{"self":[{"href":"https:\/\/norterodados.com\/shacman\/wp-json\/wp\/v2\/pages\/1047","targetHints":{"allow":["GET"]}}],"collection":[{"href":"https:\/\/norterodados.com\/shacman\/wp-json\/wp\/v2\/pages"}],"about":[{"href":"https:\/\/norterodados.com\/shacman\/wp-json\/wp\/v2\/types\/page"}],"author":[{"embeddable":true,"href":"https:\/\/norterodados.com\/shacman\/wp-json\/wp\/v2\/users\/1"}],"replies":[{"embeddable":true,"href":"https:\/\/norterodados.com\/shacman\/wp-json\/wp\/v2\/comments?post=1047"}],"version-history":[{"count":8,"href":"https:\/\/norterodados.com\/shacman\/wp-json\/wp\/v2\/pages\/1047\/revisions"}],"predecessor-version":[{"id":1050,"href":"https:\/\/norterodados.com\/shacman\/wp-json\/wp\/v2\/pages\/1047\/revisions\/1050"}],"wp:attachment":[{"href":"https:\/\/norterodados.com\/shacman\/wp-json\/wp\/v2\/media?parent=1047"}],"curies":[{"name":"wp","href":"https:\/\/api.w.org\/{rel}","templated":true}]}}