{"id":61,"date":"2021-12-25T23:54:59","date_gmt":"2021-12-25T23:54:59","guid":{"rendered":"https:\/\/impreza32.us-themes.com\/?page_id=61"},"modified":"2025-12-15T18:46:06","modified_gmt":"2025-12-15T21:46:06","slug":"contacto","status":"publish","type":"page","link":"https:\/\/norterodados.com\/shacman\/contacto\/","title":{"rendered":"Contacto"},"content":{"rendered":"<section class=\"l-section wpb_row us_custom_fc6faef2 height_huge\"><div class=\"l-section-h i-cf\"><div class=\"g-cols vc_row via_grid cols_1 laptops-cols_inherit tablets-cols_inherit mobiles-cols_1 valign_top type_default stacking_default\"><div class=\"wpb_column vc_column_container\"><div class=\"vc_column-inner\"><div class=\"wpb_text_column us_custom_8b3d6790 has_text_color\"><div class=\"wpb_wrapper\"><h5><strong>CONT\u00c1CTENOS<\/strong><\/h5>\n<\/div><\/div><\/div><\/div><\/div><\/div><\/section><section class=\"l-section wpb_row us_custom_4e420deb height_huge\"><div class=\"l-section-h i-cf\"><div class=\"g-cols vc_row via_grid cols_3 laptops-cols_inherit tablets-cols_inherit mobiles-cols_1 valign_top type_default stacking_default\"><div class=\"wpb_column vc_column_container\"><div class=\"vc_column-inner\"><div class=\"wpb_text_column us_custom_4dc3398a has_text_color\"><div class=\"wpb_wrapper\"><p><small>Tel\u00e9fono:<\/small><\/p>\n<\/div><\/div><div class=\"wpb_text_column us_custom_c60b4e25 has_text_color\"><div class=\"wpb_wrapper\"><p><strong>54 343 456 9907<\/strong><\/p>\n<\/div><\/div><div class=\"w-btn-wrapper align_none\"><a class=\"w-btn us-btn-style_3\" href=\"#\"><span class=\"w-btn-label\">LLAMA AHORA<\/span><\/a><\/div><\/div><\/div><div class=\"wpb_column vc_column_container\"><div class=\"vc_column-inner\"><div class=\"wpb_text_column us_custom_4dc3398a has_text_color\"><div class=\"wpb_wrapper\"><p><small>Email:<\/small><\/p>\n<\/div><\/div><div class=\"wpb_text_column us_custom_c60b4e25 has_text_color\"><div class=\"wpb_wrapper\"><p><strong>ventas@norterodados.com<\/strong><\/p>\n<\/div><\/div><div class=\"w-btn-wrapper align_none\"><a class=\"w-btn us-btn-style_3\" href=\"#\"><span class=\"w-btn-label\">ENVIAR MAIL<\/span><\/a><\/div><\/div><\/div><div class=\"wpb_column vc_column_container\"><div class=\"vc_column-inner\"><div class=\"wpb_text_column us_custom_aea71822 has_text_color\"><div class=\"wpb_wrapper\"><p><strong><em>Una soluci\u00f3n<\/em><\/strong><\/p>\n<\/div><\/div><div class=\"wpb_text_column us_custom_5111218d has_text_color\"><div class=\"wpb_wrapper\"><p><em>para cada tipo de transporte.<\/em><\/p>\n<\/div><\/div><div class=\"w-separator size_custom\" style=\"height:3px\"><\/div><div class=\"wpb_text_column us_custom_36dc9c5e has_text_color\"><div class=\"wpb_wrapper\"><p>Ruta Nac. 12 &#8211; Km 12<br \/>\n<strong>Garup\u00e1, Misiones<\/strong>, C.P. 3304.<\/p>\n<p><span class=\"w-text-h\"><span class=\"w-text-value\">Acceso Ruta Nicol\u00e1s Avellaneda \u2013 KM 12<\/span><\/span><br \/>\n<strong>Resistencia, Chaco<\/strong>, C.P: 3.500<\/p>\n<p>Ruta Nac. 12 Km 385.5<br \/>\n<strong>General Ram\u00edrez, Entre R\u00edos<\/strong>, C.P 3164<\/p>\n<\/div><\/div><\/div><\/div><\/div><\/div><\/section><section class=\"l-section wpb_row height_huge full_height valign_center color_primary\"><div class=\"l-section-overlay\" style=\"background:linear-gradient(180deg,rgba(0,0,0,0.1),#000000)\"><\/div><div class=\"l-section-h i-cf\"><div class=\"g-cols vc_row via_grid cols_1 laptops-cols_inherit tablets-cols_inherit mobiles-cols_1 valign_top type_default stacking_default\" style=\"--gap:4.30vw;\"><div class=\"wpb_column vc_column_container\"><div class=\"vc_column-inner\"><div class=\"wpb_text_column\"><div class=\"wpb_wrapper\"><p>[gravityform id=\u00bb1&#8243; title=\u00bbfalse\u00bb]<\/p>\n<\/div><\/div><\/div><\/div><\/div><\/div><\/section>\n","protected":false},"excerpt":{"rendered":"CONT\u00c1CTENOS Tel\u00e9fono: 54 343 456 9907 LLAMA AHORAEmail: ventas@norterodados.com ENVIAR MAILUna soluci\u00f3n para cada tipo de transporte. Ruta Nac. 12 &#8211; Km 12 Garup\u00e1, Misiones, C.P. 3304. Acceso Ruta Nicol\u00e1s Avellaneda \u2013 KM 12 Resistencia, Chaco, C.P: 3.500 Ruta Nac. 12 Km 385.5 General Ram\u00edrez, Entre R\u00edos, C.P 3164 [gravityform id=\u00bb1&#8243; title=\u00bbfalse\u00bb]","protected":false},"author":1,"featured_media":0,"parent":0,"menu_order":0,"comment_status":"closed","ping_status":"closed","template":"","meta":{"footnotes":""},"class_list":["post-61","page","type-page","status-publish","hentry"],"_links":{"self":[{"href":"https:\/\/norterodados.com\/shacman\/wp-json\/wp\/v2\/pages\/61","targetHints":{"allow":["GET"]}}],"collection":[{"href":"https:\/\/norterodados.com\/shacman\/wp-json\/wp\/v2\/pages"}],"about":[{"href":"https:\/\/norterodados.com\/shacman\/wp-json\/wp\/v2\/types\/page"}],"author":[{"embeddable":true,"href":"https:\/\/norterodados.com\/shacman\/wp-json\/wp\/v2\/users\/1"}],"replies":[{"embeddable":true,"href":"https:\/\/norterodados.com\/shacman\/wp-json\/wp\/v2\/comments?post=61"}],"version-history":[{"count":68,"href":"https:\/\/norterodados.com\/shacman\/wp-json\/wp\/v2\/pages\/61\/revisions"}],"predecessor-version":[{"id":1363,"href":"https:\/\/norterodados.com\/shacman\/wp-json\/wp\/v2\/pages\/61\/revisions\/1363"}],"wp:attachment":[{"href":"https:\/\/norterodados.com\/shacman\/wp-json\/wp\/v2\/media?parent=61"}],"curies":[{"name":"wp","href":"https:\/\/api.w.org\/{rel}","templated":true}]}}