{"id":806,"date":"2024-07-26T05:39:24","date_gmt":"2024-07-26T05:39:24","guid":{"rendered":"https:\/\/norterodados.com\/shacman\/?page_id=806"},"modified":"2025-05-14T12:21:02","modified_gmt":"2025-05-14T15:21:02","slug":"agrale-2","status":"publish","type":"page","link":"https:\/\/norterodados.com\/shacman\/","title":{"rendered":"Shacman"},"content":{"rendered":"<section class=\"l-section wpb_row height_auto width_full\"><div class=\"l-section-overlay\" style=\"background:rgba(0,0,0,0.70)\"><\/div><div class=\"l-section-h i-cf\"><div class=\"g-cols vc_row via_grid cols_1 laptops-cols_inherit tablets-cols_inherit mobiles-cols_1 valign_top type_default stacking_default\"><div class=\"wpb_column vc_column_container\"><div class=\"vc_column-inner\"><div class=\"w-grid type_carousel layout_987 overflow_hidden\" id=\"us_grid_1\" style=\"--gap:1.5rem;\"><style>.layout_987 .w-grid-item-h{background:#333;border-radius:0.3rem;box-shadow:0 0.03rem 0.06rem rgba(0,0,0,0.1),0 0.1rem 0.3rem rgba(0,0,0,0.1);transition-duration:0.3s}.no-touch .layout_987 .w-grid-item-h:hover{box-shadow:0 0.12rem 0.24rem rgba(0,0,0,0.1),0 0.4rem 1.2rem rgba(0,0,0,0.15);z-index:4}.layout_987 .usg_post_image_1{position:static!important}.layout_987 .usg_vwrapper_1{position:absolute!important;left:0!important;top:0!important;right:0!important;background:linear-gradient(325deg,rgba(0,0,0,0.90),rgba(30,30,30,0.2))!important;padding:27% 15% 15% 15%!important}.layout_987 .usg_post_title_1{color:#fff!important;text-align:center!important;font-size:38px!important;line-height:60px!important;letter-spacing:1.9px!important;font-family:var(--h1-font-family)!important;font-weight:700!important}.layout_987 .usg_post_content_1{color:var(--color-header-middle-bg)!important;text-align:center!important;font-size:16px!important;line-height:19.8px!important;font-family:var(--font-family)!important;font-weight:400!important}@media (min-width:1025px) and (max-width:1380px){.layout_987 .usg_vwrapper_1{padding:27% 15% 15% 15%!important}.layout_987 .usg_post_title_1{text-align:inherit!important;font-size:36px!important;line-height:60px!important;letter-spacing:1.9px!important;font-family:var(--h1-font-family)!important;font-weight:700!important}.layout_987 .usg_post_content_1{color:var(--color-header-middle-bg)!important;text-align:center!important;font-size:16px!important;line-height:19.8px!important;font-family:var(--font-family)!important;font-weight:400!important}}@media (min-width:601px) and (max-width:1024px){.layout_987 .usg_vwrapper_1{padding:27% 15% 15% 15%!important}.layout_987 .usg_post_title_1{text-align:inherit!important}.layout_987 .usg_post_content_1{color:var(--color-header-middle-bg)!important;text-align:center!important;font-size:16px!important;line-height:19.8px!important;font-family:var(--font-family)!important;font-weight:400!important}}@media (max-width:600px){.layout_987 .usg_vwrapper_1{padding:10% 15% 15% 15%!important}.layout_987 .usg_post_title_1{text-align:inherit!important;font-size:1rem!important;line-height:18px!important}.layout_987 .usg_post_content_1{color:var(--color-header-middle-bg)!important;text-align:center!important;font-size:13px!important;line-height:18px!important;font-family:var(--font-family)!important;font-weight:400!important}}<\/style><div class=\"w-grid-list owl-carousel navstyle_circle navpos_outside\">\t<article class=\"w-grid-item post-1007 attachment type-attachment status-inherit hentry\" data-id=\"1007\">\r\n\t\t<div class=\"w-grid-item-h\">\r\n\t\t\t\t\t\t<div class=\"w-post-elm post_image usg_post_image_1 stretched\"><img loading=\"lazy\" decoding=\"async\" width=\"1920\" height=\"720\" src=\"https:\/\/norterodados.com\/shacman\/wp-content\/uploads\/2024\/08\/x5000ruta.jpg\" class=\"attachment-full size-full\" alt=\"\" srcset=\"https:\/\/norterodados.com\/shacman\/wp-content\/uploads\/2024\/08\/x5000ruta.jpg 1920w, https:\/\/norterodados.com\/shacman\/wp-content\/uploads\/2024\/08\/x5000ruta-300x113.jpg 300w, https:\/\/norterodados.com\/shacman\/wp-content\/uploads\/2024\/08\/x5000ruta-1024x384.jpg 1024w\" sizes=\"auto, (max-width: 1920px) 100vw, 1920px\" \/><\/div><div class=\"w-vwrapper usg_vwrapper_1 align_center valign_middle\"><h1 class=\"w-post-elm post_title usg_post_title_1 has_text_color align_center entry-title color_link_inherit\">X5000: EL CAMI\u00d3N M\u00c1S FUERTE<\/h1><div class=\"w-post-elm post_content usg_post_content_1 has_text_color\"><p>Componentes de primera l\u00ednea para impulsar tu negocio.<\/p>\n<\/div><\/div>\t\t<\/div>\r\n\t\t\t<\/article>\r\n\t<article class=\"w-grid-item post-1001 attachment type-attachment status-inherit hentry\" data-id=\"1001\">\r\n\t\t<div class=\"w-grid-item-h\">\r\n\t\t\t\t\t\t<div class=\"w-post-elm post_image usg_post_image_1 stretched\"><img loading=\"lazy\" decoding=\"async\" width=\"1920\" height=\"720\" src=\"https:\/\/norterodados.com\/shacman\/wp-content\/uploads\/2024\/08\/hero2.jpg\" class=\"attachment-full size-full\" alt=\"\" srcset=\"https:\/\/norterodados.com\/shacman\/wp-content\/uploads\/2024\/08\/hero2.jpg 1920w, https:\/\/norterodados.com\/shacman\/wp-content\/uploads\/2024\/08\/hero2-300x113.jpg 300w, https:\/\/norterodados.com\/shacman\/wp-content\/uploads\/2024\/08\/hero2-1024x384.jpg 1024w\" sizes=\"auto, (max-width: 1920px) 100vw, 1920px\" \/><\/div><div class=\"w-vwrapper usg_vwrapper_1 align_center valign_middle\"><h1 class=\"w-post-elm post_title usg_post_title_1 has_text_color align_center entry-title color_link_inherit\">X5000: UN CAMI\u00d3N DE M\u00c1XIMA CATEGOR\u00cdA<\/h1><div class=\"w-post-elm post_content usg_post_content_1 has_text_color\"><p>La serie X5000 lidera la nueva era de conducci\u00f3n inteligente y garantiza viajes inteligentes, seguros y eficientes.<\/p>\n<\/div><\/div>\t\t<\/div>\r\n\t\t\t<\/article>\r\n\t<article class=\"w-grid-item post-999 attachment type-attachment status-inherit hentry\" data-id=\"999\">\r\n\t\t<div class=\"w-grid-item-h\">\r\n\t\t\t\t\t\t<div class=\"w-post-elm post_image usg_post_image_1 stretched\"><img loading=\"lazy\" decoding=\"async\" width=\"1920\" height=\"720\" src=\"https:\/\/norterodados.com\/shacman\/wp-content\/uploads\/2024\/08\/familiashacmanhero.jpg\" class=\"attachment-full size-full\" alt=\"\" srcset=\"https:\/\/norterodados.com\/shacman\/wp-content\/uploads\/2024\/08\/familiashacmanhero.jpg 1920w, https:\/\/norterodados.com\/shacman\/wp-content\/uploads\/2024\/08\/familiashacmanhero-300x113.jpg 300w, https:\/\/norterodados.com\/shacman\/wp-content\/uploads\/2024\/08\/familiashacmanhero-1024x384.jpg 1024w\" sizes=\"auto, (max-width: 1920px) 100vw, 1920px\" \/><\/div><div class=\"w-vwrapper usg_vwrapper_1 align_center valign_middle\"><h1 class=\"w-post-elm post_title usg_post_title_1 has_text_color align_center entry-title color_link_inherit\">\u00c9XITO CON CALIDAD<\/h1><div class=\"w-post-elm post_content usg_post_content_1 has_text_color\"><p>Fabricando herramientas confiables y eficientes.<\/p>\n<\/div><\/div>\t\t<\/div>\r\n\t\t\t<\/article>\r\n<\/div>\t<div class=\"g-preloader type_1\">\r\n\t\t<div><\/div>\r\n\t<\/div>\r\n\t\t<div class=\"w-grid-json hidden\" onclick='return {&quot;action&quot;:&quot;us_ajax_grid&quot;,&quot;infinite_scroll&quot;:0,&quot;max_num_pages&quot;:1,&quot;pagination&quot;:&quot;none&quot;,&quot;template_vars&quot;:{&quot;columns&quot;:&quot;1&quot;,&quot;exclude_items&quot;:&quot;none&quot;,&quot;img_size&quot;:&quot;full&quot;,&quot;ignore_items_size&quot;:0,&quot;items_layout&quot;:&quot;987&quot;,&quot;items_offset&quot;:&quot;1&quot;,&quot;load_animation&quot;:&quot;none&quot;,&quot;overriding_link&quot;:&quot;%7B%22url%22%3A%22%22%7D&quot;,&quot;post_id&quot;:0,&quot;query_args&quot;:{&quot;post_type&quot;:[&quot;attachment&quot;],&quot;post__in&quot;:[&quot;1001&quot;,&quot;999&quot;,&quot;1007&quot;],&quot;post_status&quot;:&quot;inherit&quot;,&quot;post_mime_type&quot;:&quot;image&quot;,&quot;posts_per_page&quot;:&quot;10&quot;},&quot;orderby_query_args&quot;:{&quot;orderby&quot;:{&quot;date&quot;:&quot;DESC&quot;}},&quot;type&quot;:&quot;carousel&quot;,&quot;us_grid_post_type&quot;:&quot;attachment&quot;,&quot;us_grid_ajax_index&quot;:1,&quot;us_grid_filter_params&quot;:[],&quot;us_grid_index&quot;:1,&quot;page_args&quot;:[]},&quot;carousel_settings&quot;:{&quot;autoHeight&quot;:0,&quot;autoplay&quot;:1,&quot;carousel_fade&quot;:0,&quot;center&quot;:0,&quot;dots&quot;:0,&quot;items&quot;:&quot;1&quot;,&quot;loop&quot;:true,&quot;nav&quot;:0,&quot;slideby&quot;:&quot;1&quot;,&quot;smooth_play&quot;:0,&quot;speed&quot;:250,&quot;timeout&quot;:4000,&quot;transition&quot;:&quot;&quot;,&quot;aria_labels&quot;:{&quot;prev&quot;:&quot;Anterior&quot;,&quot;next&quot;:&quot;Siguiente&quot;}},&quot;carousel_breakpoints&quot;:{&quot;0&quot;:{&quot;autoHeight&quot;:0,&quot;autoplay&quot;:1,&quot;autoplayHoverPause&quot;:1,&quot;items&quot;:1,&quot;loop&quot;:true,&quot;stagePadding&quot;:0},&quot;601&quot;:{&quot;autoHeight&quot;:0,&quot;autoplay&quot;:1,&quot;autoplayHoverPause&quot;:1,&quot;items&quot;:1,&quot;loop&quot;:true,&quot;stagePadding&quot;:0},&quot;1025&quot;:{&quot;autoHeight&quot;:0,&quot;autoplay&quot;:1,&quot;autoplayHoverPause&quot;:1,&quot;items&quot;:1,&quot;loop&quot;:true,&quot;stagePadding&quot;:0},&quot;1381&quot;:{&quot;items&quot;:1,&quot;stagePadding&quot;:0}}}'><\/div>\r\n\t<\/div><\/div><\/div><\/div><\/div><\/section><section class=\"l-section wpb_row us_custom_4fa8a1cd height_medium\"><div class=\"l-section-h i-cf\"><div class=\"g-cols vc_row via_grid cols_1 laptops-cols_inherit tablets-cols_inherit mobiles-cols_1 valign_top type_default stacking_default\"><div class=\"wpb_column vc_column_container\"><div class=\"vc_column-inner\"><div class=\"g-cols wpb_row via_grid cols_2 laptops-cols_inherit tablets-cols_inherit mobiles-cols_1 valign_top type_default stacking_default\" style=\"--gap:3rem;\"><div class=\"wpb_column vc_column_container\"><div class=\"vc_column-inner\"><div class=\"w-image align_none\"><div class=\"w-image-h\"><img decoding=\"async\" width=\"1024\" height=\"576\" src=\"https:\/\/norterodados.com\/shacman\/wp-content\/uploads\/2024\/10\/2d71d34f64a24ec39bebd88776a421da-1024x576.jpg\" class=\"attachment-large size-large\" alt=\"\" loading=\"lazy\" srcset=\"https:\/\/norterodados.com\/shacman\/wp-content\/uploads\/2024\/10\/2d71d34f64a24ec39bebd88776a421da-1024x576.jpg 1024w, https:\/\/norterodados.com\/shacman\/wp-content\/uploads\/2024\/10\/2d71d34f64a24ec39bebd88776a421da-300x169.jpg 300w, https:\/\/norterodados.com\/shacman\/wp-content\/uploads\/2024\/10\/2d71d34f64a24ec39bebd88776a421da.jpg 1920w\" sizes=\"auto, (max-width: 1024px) 100vw, 1024px\" \/><\/div><\/div><\/div><\/div><div class=\"wpb_column vc_column_container\"><div class=\"vc_column-inner\"><div class=\"w-separator size_small\"><\/div><h3 class=\"w-text\"><span class=\"w-text-h\"><span class=\"w-text-value\">x5000<\/span><\/span><\/h3><div class=\"wpb_text_column us_custom_345c8b9d has_text_color\"><div class=\"wpb_wrapper\"><p>La nueva serie X5000, reci\u00e9n llegada a la Argentina, es el cami\u00f3n estrella de Shacman. Impulsado por un motor Cummins y una caja automatizada e inteligente FastGear, es reconocido por su excelente confiabilidad para lograr aprovechar al m\u00e1ximo la inversi\u00f3n.<\/p>\n<\/div><\/div><div class=\"w-separator size_small\"><\/div><div class=\"w-btn-wrapper align_none\"><a class=\"w-btn us-btn-style_3 icon_atleft\" href=\"https:\/\/norterodados.com\/shacman\/wp-content\/uploads\/2024\/10\/SHACMAN-X5000-series.mp4\"><i class=\"far fa-play-circle\"><\/i><span class=\"w-btn-label\">Ver video<\/span><\/a><\/div><\/div><\/div><\/div><\/div><\/div><\/div><\/div><\/section><section class=\"l-section wpb_row height_huge with_img\"><div class=\"l-section-img\" role=\"img\" data-img-width=\"765\" data-img-height=\"430\" style=\"background-image: url(https:\/\/norterodados.com\/shacman\/wp-content\/uploads\/2024\/08\/after-sales-image.jpg);\"><\/div><div class=\"l-section-overlay\" style=\"background:rgba(0,0,0,0.70)\"><\/div><div class=\"l-section-h i-cf\"><div class=\"g-cols vc_row via_grid cols_2-1 laptops-cols_inherit tablets-cols_inherit mobiles-cols_1 valign_top type_default stacking_default\"><div class=\"wpb_column vc_column_container\"><div class=\"vc_column-inner\"><div class=\"w-text us_custom_acca71d4 has_text_color\"><span class=\"w-text-h\"><span class=\"w-text-value\">LIDERES EN SERVICIO POSTVENTA<\/span><\/span><\/div><div class=\"w-separator size_small\"><\/div><div class=\"wpb_text_column us_custom_cbad90dc has_text_color\"><div class=\"wpb_wrapper\"><p>Shacman ofrece a sus usuarios un servicio especializado en una red que se desarrolla a nivel nacional para poder atender desde zonas urbanas a rurales, con soporte en ruta y provisi\u00f3n de repuestos originales que aseguran la extensa vida \u00fatil del cami\u00f3n. El compromiso para con nuestros clientes de asegurar la continuidad de sus negocios para lograr la constancia que el negocio requiere est\u00e1 profundamente implantado en la filosof\u00eda de la marca a nivel global.<\/p>\n<p>Argentina no es la excepci\u00f3n a la regla, habiendo dise\u00f1ado su servicio postventa de forma integral a fin de poder ofrecer la mejor garant\u00eda del mercado para que el cliente se sienta seguro de que la marca lo acompa\u00f1ar\u00e1 hasta en los desaf\u00edos m\u00e1s exigentes. Somos perfectamente conscientes que no siempre es f\u00e1cil apostar y confiar en una nueva marca, a pesar de su intachable trayectoria mundial y por eso aseguraremos el respaldo en cada paso del camino.<\/p>\n<\/div><\/div><div class=\"w-separator size_small\"><\/div><div class=\"w-btn-wrapper align_none\"><a class=\"w-btn us-btn-style_2\" href=\"shacman\/postventa\/\"><span class=\"w-btn-label\">Descubr\u00ed m\u00e1s<\/span><\/a><\/div><\/div><\/div><div class=\"wpb_column vc_column_container\"><div class=\"vc_column-inner\"><\/div><\/div><\/div><\/div><\/section>\n","protected":false},"excerpt":{"rendered":"","protected":false},"author":1,"featured_media":1291,"parent":0,"menu_order":0,"comment_status":"closed","ping_status":"closed","template":"","meta":{"footnotes":""},"class_list":["post-806","page","type-page","status-publish","has-post-thumbnail","hentry"],"_links":{"self":[{"href":"https:\/\/norterodados.com\/shacman\/wp-json\/wp\/v2\/pages\/806","targetHints":{"allow":["GET"]}}],"collection":[{"href":"https:\/\/norterodados.com\/shacman\/wp-json\/wp\/v2\/pages"}],"about":[{"href":"https:\/\/norterodados.com\/shacman\/wp-json\/wp\/v2\/types\/page"}],"author":[{"embeddable":true,"href":"https:\/\/norterodados.com\/shacman\/wp-json\/wp\/v2\/users\/1"}],"replies":[{"embeddable":true,"href":"https:\/\/norterodados.com\/shacman\/wp-json\/wp\/v2\/comments?post=806"}],"version-history":[{"count":159,"href":"https:\/\/norterodados.com\/shacman\/wp-json\/wp\/v2\/pages\/806\/revisions"}],"predecessor-version":[{"id":1284,"href":"https:\/\/norterodados.com\/shacman\/wp-json\/wp\/v2\/pages\/806\/revisions\/1284"}],"wp:featuredmedia":[{"embeddable":true,"href":"https:\/\/norterodados.com\/shacman\/wp-json\/wp\/v2\/media\/1291"}],"wp:attachment":[{"href":"https:\/\/norterodados.com\/shacman\/wp-json\/wp\/v2\/media?parent=806"}],"curies":[{"name":"wp","href":"https:\/\/api.w.org\/{rel}","templated":true}]}}