{"id":634,"date":"2024-07-23T21:37:41","date_gmt":"2024-07-23T21:37:41","guid":{"rendered":"https:\/\/norterodados.com\/stara\/?page_id=634"},"modified":"2025-05-22T00:10:57","modified_gmt":"2025-05-22T00:10:57","slug":"repuestos","status":"publish","type":"page","link":"https:\/\/norterodados.com\/stara\/repuestos\/","title":{"rendered":"Repuestos"},"content":{"rendered":"<section class=\"l-section wpb_row height_small color_primary\"><div class=\"l-section-h i-cf\"><div class=\"g-cols vc_row via_grid cols_2 laptops-cols_inherit tablets-cols_inherit mobiles-cols_1 valign_top type_default stacking_default\"><div class=\"wpb_column vc_column_container\"><div class=\"vc_column-inner\"><div class=\"wpb_text_column us_custom_3e61e5ed\"><div class=\"wpb_wrapper\"><p>REPUESTOS<\/p>\n<\/div><\/div><\/div><\/div><div class=\"wpb_column vc_column_container\"><div class=\"vc_column-inner\"><\/div><\/div><\/div><\/div><\/section><section class=\"l-section wpb_row height_huge with_img\"><div class=\"l-section-img\" role=\"img\" data-img-width=\"1680\" data-img-height=\"340\" style=\"background-image: url(https:\/\/norterodados.com\/stara\/wp-content\/uploads\/2024\/08\/bg_cabecalho_2.jpg);background-repeat: no-repeat;\"><\/div><div class=\"l-section-h i-cf\"><div class=\"g-cols vc_row via_grid cols_custom laptops-cols_inherit tablets-cols_inherit mobiles-cols_1 valign_top type_default stacking_default\" style=\"--custom-columns:1.2fr 1.2fr 1.2fr 2.4fr \"><div class=\"wpb_column vc_column_container\"><div class=\"vc_column-inner\"><div class=\"wpb_text_column us_custom_4dc3398a has_text_color\"><div class=\"wpb_wrapper\"><p><small>Tel\u00e9fono:<\/small><\/p>\n<\/div><\/div><div class=\"wpb_text_column us_custom_c60b4e25 has_text_color\"><div class=\"wpb_wrapper\"><p><strong>54 362 448 6486<\/strong><\/p>\n<\/div><\/div><div class=\"w-btn-wrapper align_none\"><a class=\"w-btn us-btn-style_3\" href=\"tel:5493624486486\"><span class=\"w-btn-label\">LLAMA AHORA<\/span><\/a><\/div><\/div><\/div><div class=\"wpb_column vc_column_container\"><div class=\"vc_column-inner\"><div class=\"wpb_text_column us_custom_4dc3398a has_text_color\"><div class=\"wpb_wrapper\"><p><small>Email:<\/small><\/p>\n<\/div><\/div><div class=\"wpb_text_column us_custom_c60b4e25 has_text_color\"><div class=\"wpb_wrapper\"><p><strong>repuestos@norterodados.com<\/strong><\/p>\n<\/div><\/div><div class=\"w-btn-wrapper align_none\"><a class=\"w-btn us-btn-style_3\" href=\"mailto:repuestos@norterodados.com\"><span class=\"w-btn-label\">ENVIAR MAIL<\/span><\/a><\/div><\/div><\/div><div class=\"wpb_column vc_column_container\"><div class=\"vc_column-inner\"><\/div><\/div><div class=\"wpb_column vc_column_container\"><div class=\"vc_column-inner\"><div class=\"wpb_text_column us_custom_76bdfd6a has_text_color\"><div class=\"wpb_wrapper\"><p><em>Grandes productores<\/em><\/p>\n<\/div><\/div><div class=\"wpb_text_column us_custom_5111218d has_text_color\"><div class=\"wpb_wrapper\"><p><em>merecen grandes m\u00e1quinas<\/em><\/p>\n<\/div><\/div><div class=\"w-separator size_small\"><\/div><div class=\"wpb_text_column us_custom_326b4816 has_text_color\"><div class=\"wpb_wrapper\"><p><strong>NORTE RODADOS S.A.<\/strong><\/p>\n<\/div><\/div><div class=\"w-separator size_custom\" style=\"height:3px\"><\/div><div class=\"wpb_text_column us_custom_36dc9c5e has_text_color\"><div class=\"wpb_wrapper\"><p>Ruta Nac. 12 &#8211; Km 385,5<br \/>\nGeneral Ram\u00edrez \/ Entre Rios<\/p>\n<\/div><\/div><\/div><\/div><\/div><\/div><\/section><section class=\"l-section wpb_row us_custom_057801f8 height_small color_footer-bottom\"><div class=\"l-section-h i-cf\"><div class=\"g-cols vc_row via_grid cols_1 laptops-cols_inherit tablets-cols_inherit mobiles-cols_1 valign_top type_default stacking_default\"><div class=\"wpb_column vc_column_container\"><div class=\"vc_column-inner\"><div class=\"wpb_text_column us_custom_d83ef188 has_text_color\"><div class=\"wpb_wrapper\"><p>Informaciones para Contacto<\/p>\n<\/div><\/div><div class=\"w-separator size_medium\"><\/div><\/div><\/div><\/div><\/div><\/section>\n","protected":false},"excerpt":{"rendered":"REPUESTOS Tel\u00e9fono: 54 362 448 6486 LLAMA AHORAEmail: repuestos@norterodados.com ENVIAR MAILGrandes productores merecen grandes m\u00e1quinas NORTE RODADOS S.A. Ruta Nac. 12 &#8211; Km 385,5 General Ram\u00edrez \/ Entre Rios Informaciones para Contacto","protected":false},"author":1,"featured_media":0,"parent":0,"menu_order":0,"comment_status":"closed","ping_status":"closed","template":"","meta":{"footnotes":""},"class_list":["post-634","page","type-page","status-publish","hentry"],"_links":{"self":[{"href":"https:\/\/norterodados.com\/stara\/wp-json\/wp\/v2\/pages\/634","targetHints":{"allow":["GET"]}}],"collection":[{"href":"https:\/\/norterodados.com\/stara\/wp-json\/wp\/v2\/pages"}],"about":[{"href":"https:\/\/norterodados.com\/stara\/wp-json\/wp\/v2\/types\/page"}],"author":[{"embeddable":true,"href":"https:\/\/norterodados.com\/stara\/wp-json\/wp\/v2\/users\/1"}],"replies":[{"embeddable":true,"href":"https:\/\/norterodados.com\/stara\/wp-json\/wp\/v2\/comments?post=634"}],"version-history":[{"count":5,"href":"https:\/\/norterodados.com\/stara\/wp-json\/wp\/v2\/pages\/634\/revisions"}],"predecessor-version":[{"id":1366,"href":"https:\/\/norterodados.com\/stara\/wp-json\/wp\/v2\/pages\/634\/revisions\/1366"}],"wp:attachment":[{"href":"https:\/\/norterodados.com\/stara\/wp-json\/wp\/v2\/media?parent=634"}],"curies":[{"name":"wp","href":"https:\/\/api.w.org\/{rel}","templated":true}]}}