{"id":822,"date":"2024-08-03T14:46:30","date_gmt":"2024-08-03T14:46:30","guid":{"rendered":"https:\/\/norterodados.com\/stara\/?page_id=822"},"modified":"2024-08-13T23:45:30","modified_gmt":"2024-08-13T23:45:30","slug":"pulverizadores","status":"publish","type":"page","link":"https:\/\/norterodados.com\/stara\/0-km\/pulverizadores\/","title":{"rendered":"Pulverizadores"},"content":{"rendered":"<section class=\"l-section wpb_row height_small color_primary\"><div class=\"l-section-h i-cf\"><div class=\"g-cols vc_row via_grid cols_2 laptops-cols_inherit tablets-cols_inherit mobiles-cols_1 valign_top type_default stacking_default\"><div class=\"wpb_column vc_column_container\"><div class=\"vc_column-inner\"><div class=\"wpb_text_column us_custom_3e61e5ed\"><div class=\"wpb_wrapper\"><p>PRODUCTOS<\/p>\n<\/div><\/div><\/div><\/div><div class=\"wpb_column vc_column_container\"><div class=\"vc_column-inner\"><\/div><\/div><\/div><\/div><\/section><section class=\"l-section wpb_row height_auto with_img\"><div class=\"l-section-img\" role=\"img\" data-img-width=\"1680\" data-img-height=\"340\" style=\"background-image: url(https:\/\/norterodados.com\/stara\/wp-content\/uploads\/2024\/08\/bg_cabecalho_2.jpg);background-repeat: no-repeat;\"><\/div><div class=\"l-section-h i-cf\"><div class=\"g-cols vc_row via_grid cols_2 laptops-cols_inherit tablets-cols_inherit mobiles-cols_1 valign_middle type_default stacking_default\"><div class=\"wpb_column vc_column_container\"><div class=\"vc_column-inner\"><div class=\"w-separator size_small\"><\/div><div class=\"wpb_text_column us_custom_5111218d has_text_color\"><div class=\"wpb_wrapper\"><p>Pulverizadores<\/p>\n<\/div><\/div><div class=\"w-separator size_small\"><\/div><div class=\"wpb_text_column us_custom_b8fadd5d has_text_color\"><div class=\"wpb_wrapper\"><p>El ADN de la innovaci\u00f3n y evoluci\u00f3n constante de Stara puede comprobarse en su l\u00ednea de pulverizadores. Alta tecnolog\u00eda y eficiencia son caracter\u00edsticas de estas m\u00e1quinas, proyectadas para ayudarle al productor a aumentar a\u00fan m\u00e1s sus lucros productivos.<\/p>\n<\/div><\/div><div class=\"w-separator size_small\"><\/div><\/div><\/div><div class=\"wpb_column vc_column_container\"><div class=\"vc_column-inner\"><div class=\"w-image align_none\"><div class=\"w-image-h\"><img decoding=\"async\" width=\"1920\" height=\"1080\" src=\"https:\/\/norterodados.com\/stara\/wp-content\/uploads\/2024\/08\/PULVERIZADORES_CAPA-1.jpg\" class=\"attachment-full size-full\" alt=\"\" loading=\"lazy\" srcset=\"https:\/\/norterodados.com\/stara\/wp-content\/uploads\/2024\/08\/PULVERIZADORES_CAPA-1.jpg 1920w, https:\/\/norterodados.com\/stara\/wp-content\/uploads\/2024\/08\/PULVERIZADORES_CAPA-1-300x169.jpg 300w, https:\/\/norterodados.com\/stara\/wp-content\/uploads\/2024\/08\/PULVERIZADORES_CAPA-1-1024x576.jpg 1024w\" sizes=\"auto, (max-width: 1920px) 100vw, 1920px\" \/><\/div><\/div><\/div><\/div><\/div><\/div><\/section><section class=\"l-section wpb_row us_custom_057801f8 height_huge\"><div class=\"l-section-h i-cf\"><div class=\"g-cols vc_row via_grid cols_1 laptops-cols_inherit tablets-cols_inherit mobiles-cols_1 valign_top type_default stacking_default\"><div class=\"wpb_column vc_column_container\"><div class=\"vc_column-inner\"><div class=\"w-grid type_grid layout_933 cols_4 ratio_3x2\" id=\"us_grid_1\" style=\"--gap:1.5rem;\" data-filterable=\"true\"><style>@media (max-width:1024px){#us_grid_1 .w-grid-item{width:50%}#us_grid_1 .w-grid-item.size_2x1,#us_grid_1 .w-grid-item.size_2x2{width:100%}}@media (max-width:600px){#us_grid_1 .w-grid-item{width:50%}#us_grid_1 .w-grid-item.size_2x1,#us_grid_1 .w-grid-item.size_2x2{width:100%}}#us_grid_1 .w-grid-item-h:before{padding-bottom:66.6667%}.layout_933 .w-grid-item-h:before{padding-bottom:100%}@media (min-width:601px){.layout_933 .w-grid-item.size_1x2 .w-grid-item-h:before{padding-bottom:calc(200% + var(--gap,0px) * 2)}.layout_933 .w-grid-item.size_2x1 .w-grid-item-h:before{padding-bottom:calc(50% - var(--gap,0px) * 1)}.layout_933 .w-grid-item.size_2x2 .w-grid-item-h:before{padding-bottom:calc(100% - var(--gap,0px) * 0)}}.layout_933 .w-grid-item-h{background:var(--color-header-transparent-bg);color:#ffffff;border-radius:0.3rem;box-shadow:0 0.03rem 0.06rem rgba(0,0,0,0.1),0 0.1rem 0.3rem rgba(0,0,0,0.1);transition-duration:0.3s}.no-touch .layout_933 .w-grid-item-h:hover{box-shadow:0 0.12rem 0.24rem rgba(0,0,0,0.1),0 0.4rem 1.2rem rgba(0,0,0,0.15);z-index:4}.layout_933 .usg_vwrapper_1{border-bottom-width:3px!important;border-color:var(--color-custom-2)!important;border-bottom-style:solid!important;padding:5% 8% 8% 8%!important}.layout_933 .usg_post_taxonomy_1{color:var(--color-custom)!important;text-align:center!important;font-size:0.4rem!important;font-weight:700!important;text-transform:uppercase!important;margin-right:0.6rem!important}.layout_933 .usg_post_title_1{color:var(--color-custom-2)!important;font-size:0.7rem!important;font-weight:700!important}.layout_933 .usg_btn_1{text-align:center!important}<\/style><div class=\"w-grid-list\">\t<article class=\"w-grid-item size_1x1 post-1355 us_portfolio type-us_portfolio status-publish has-post-thumbnail hentry us_portfolio_category-pulverizadores us_portfolio_tag-algodon us_portfolio_tag-arroz us_portfolio_tag-avena us_portfolio_tag-cana-de-azucar us_portfolio_tag-cebada us_portfolio_tag-centeno us_portfolio_tag-girasol us_portfolio_tag-maiz us_portfolio_tag-soja us_portfolio_tag-sorgo\" data-id=\"1355\">\r\n\t\t<div class=\"w-grid-item-h\">\r\n\t\t\t\t\t\t<div class=\"w-post-elm post_image usg_post_image_1 stretched\"><a href=\"https:\/\/norterodados.com\/stara\/portfolio\/imperador-4000\/\" aria-label=\"Imperador 4000\"><img loading=\"lazy\" decoding=\"async\" width=\"1024\" height=\"1024\" src=\"https:\/\/norterodados.com\/stara\/wp-content\/uploads\/2024\/07\/Imp_4000_7_Shadow1-1024x1024.png\" class=\"attachment-large size-large wp-post-image\" alt=\"\" srcset=\"https:\/\/norterodados.com\/stara\/wp-content\/uploads\/2024\/07\/Imp_4000_7_Shadow1-1024x1024.png 1024w, https:\/\/norterodados.com\/stara\/wp-content\/uploads\/2024\/07\/Imp_4000_7_Shadow1-300x300.png 300w, https:\/\/norterodados.com\/stara\/wp-content\/uploads\/2024\/07\/Imp_4000_7_Shadow1-150x150.png 150w, https:\/\/norterodados.com\/stara\/wp-content\/uploads\/2024\/07\/Imp_4000_7_Shadow1.png 1080w\" sizes=\"auto, (max-width: 1024px) 100vw, 1024px\" \/><\/a><\/div><div class=\"w-vwrapper usg_vwrapper_1 align_none valign_top\" style=\"--vwrapper-gap:0.2rem\"><h4 class=\"w-post-elm post_title usg_post_title_1 has_text_color align_center entry-title color_link_inherit\"><a href=\"https:\/\/norterodados.com\/stara\/portfolio\/imperador-4000\/\">Imperador 4000<\/a><\/h4><div class=\"w-post-elm post_taxonomy usg_post_taxonomy_1 has_text_color style_simple\"><span class=\"term-8 term-pulverizadores\">Pulverizadores<\/span><\/div><a class=\"w-btn us-btn-style_4 usg_btn_1\" href=\"https:\/\/norterodados.com\/stara\/portfolio\/imperador-4000\/\"><span class=\"w-btn-label\">Ver detalles<\/span><\/a><\/div>\t\t<\/div>\r\n\t\t\t<\/article>\r\n\t<article class=\"w-grid-item size_1x1 post-983 us_portfolio type-us_portfolio status-publish has-post-thumbnail hentry us_portfolio_category-pulverizadores us_portfolio_tag-algodon us_portfolio_tag-arroz us_portfolio_tag-avena us_portfolio_tag-cana-de-azucar us_portfolio_tag-cebada us_portfolio_tag-centeno us_portfolio_tag-girasol us_portfolio_tag-maiz us_portfolio_tag-soja us_portfolio_tag-sorgo\" data-id=\"983\">\r\n\t\t<div class=\"w-grid-item-h\">\r\n\t\t\t\t\t\t<div class=\"w-post-elm post_image usg_post_image_1 stretched\"><a href=\"https:\/\/norterodados.com\/stara\/portfolio\/imperador-3-0\/\" aria-label=\"Imperador 3.0\"><img loading=\"lazy\" decoding=\"async\" width=\"1024\" height=\"1024\" src=\"https:\/\/norterodados.com\/stara\/wp-content\/uploads\/2024\/08\/Imperator-3.0--1024x1024.png\" class=\"attachment-large size-large wp-post-image\" alt=\"\" srcset=\"https:\/\/norterodados.com\/stara\/wp-content\/uploads\/2024\/08\/Imperator-3.0--1024x1024.png 1024w, https:\/\/norterodados.com\/stara\/wp-content\/uploads\/2024\/08\/Imperator-3.0--300x300.png 300w, https:\/\/norterodados.com\/stara\/wp-content\/uploads\/2024\/08\/Imperator-3.0--150x150.png 150w, https:\/\/norterodados.com\/stara\/wp-content\/uploads\/2024\/08\/Imperator-3.0-.png 1080w\" sizes=\"auto, (max-width: 1024px) 100vw, 1024px\" \/><\/a><\/div><div class=\"w-vwrapper usg_vwrapper_1 align_none valign_top\" style=\"--vwrapper-gap:0.2rem\"><h4 class=\"w-post-elm post_title usg_post_title_1 has_text_color align_center entry-title color_link_inherit\"><a href=\"https:\/\/norterodados.com\/stara\/portfolio\/imperador-3-0\/\">Imperador 3.0<\/a><\/h4><div class=\"w-post-elm post_taxonomy usg_post_taxonomy_1 has_text_color style_simple\"><span class=\"term-8 term-pulverizadores\">Pulverizadores<\/span><\/div><a class=\"w-btn us-btn-style_4 usg_btn_1\" href=\"https:\/\/norterodados.com\/stara\/portfolio\/imperador-3-0\/\"><span class=\"w-btn-label\">Ver detalles<\/span><\/a><\/div>\t\t<\/div>\r\n\t\t\t<\/article>\r\n\t<article class=\"w-grid-item size_1x1 post-728 us_portfolio type-us_portfolio status-publish has-post-thumbnail hentry us_portfolio_category-pulverizadores us_portfolio_tag-algodon us_portfolio_tag-arroz us_portfolio_tag-avena us_portfolio_tag-cana-de-azucar us_portfolio_tag-cebada us_portfolio_tag-centeno us_portfolio_tag-girasol us_portfolio_tag-maiz us_portfolio_tag-soja us_portfolio_tag-sorgo\" data-id=\"728\">\r\n\t\t<div class=\"w-grid-item-h\">\r\n\t\t\t\t\t\t<div class=\"w-post-elm post_image usg_post_image_1 stretched\"><a href=\"https:\/\/norterodados.com\/stara\/portfolio\/imperador-3000\/\" aria-label=\"Imperador 3000\"><img loading=\"lazy\" decoding=\"async\" width=\"1024\" height=\"1024\" src=\"https:\/\/norterodados.com\/stara\/wp-content\/uploads\/2024\/07\/Imp_4000_7_Shadow1-1024x1024.png\" class=\"attachment-large size-large wp-post-image\" alt=\"\" srcset=\"https:\/\/norterodados.com\/stara\/wp-content\/uploads\/2024\/07\/Imp_4000_7_Shadow1-1024x1024.png 1024w, https:\/\/norterodados.com\/stara\/wp-content\/uploads\/2024\/07\/Imp_4000_7_Shadow1-300x300.png 300w, https:\/\/norterodados.com\/stara\/wp-content\/uploads\/2024\/07\/Imp_4000_7_Shadow1-150x150.png 150w, https:\/\/norterodados.com\/stara\/wp-content\/uploads\/2024\/07\/Imp_4000_7_Shadow1.png 1080w\" sizes=\"auto, (max-width: 1024px) 100vw, 1024px\" \/><\/a><\/div><div class=\"w-vwrapper usg_vwrapper_1 align_none valign_top\" style=\"--vwrapper-gap:0.2rem\"><h4 class=\"w-post-elm post_title usg_post_title_1 has_text_color align_center entry-title color_link_inherit\"><a href=\"https:\/\/norterodados.com\/stara\/portfolio\/imperador-3000\/\">Imperador 3000<\/a><\/h4><div class=\"w-post-elm post_taxonomy usg_post_taxonomy_1 has_text_color style_simple\"><span class=\"term-8 term-pulverizadores\">Pulverizadores<\/span><\/div><a class=\"w-btn us-btn-style_4 usg_btn_1\" href=\"https:\/\/norterodados.com\/stara\/portfolio\/imperador-3000\/\"><span class=\"w-btn-label\">Ver detalles<\/span><\/a><\/div>\t\t<\/div>\r\n\t\t\t<\/article>\r\n<\/div><div class=\"w-grid-preloader\">\t<div class=\"g-preloader type_1\">\r\n\t\t<div><\/div>\r\n\t<\/div>\r\n\t<\/div>\t<div class=\"w-grid-json hidden\" onclick='return {&quot;action&quot;:&quot;us_ajax_grid&quot;,&quot;infinite_scroll&quot;:0,&quot;max_num_pages&quot;:1,&quot;pagination&quot;:&quot;none&quot;,&quot;template_vars&quot;:{&quot;columns&quot;:&quot;4&quot;,&quot;exclude_items&quot;:&quot;none&quot;,&quot;img_size&quot;:&quot;default&quot;,&quot;ignore_items_size&quot;:0,&quot;items_layout&quot;:&quot;933&quot;,&quot;items_offset&quot;:&quot;1&quot;,&quot;load_animation&quot;:&quot;none&quot;,&quot;overriding_link&quot;:&quot;%7B%22url%22%3A%22%22%7D&quot;,&quot;post_id&quot;:0,&quot;query_args&quot;:{&quot;post_type&quot;:[&quot;us_portfolio&quot;],&quot;tax_query&quot;:[{&quot;taxonomy&quot;:&quot;us_portfolio_category&quot;,&quot;field&quot;:&quot;slug&quot;,&quot;terms&quot;:[&quot;pulverizadores&quot;]}],&quot;post_status&quot;:[&quot;publish&quot;],&quot;posts_per_page&quot;:&quot;10&quot;},&quot;orderby_query_args&quot;:{&quot;orderby&quot;:{&quot;date&quot;:&quot;DESC&quot;}},&quot;type&quot;:&quot;grid&quot;,&quot;us_grid_post_type&quot;:&quot;us_portfolio&quot;,&quot;us_grid_ajax_index&quot;:1,&quot;us_grid_filter_params&quot;:[],&quot;us_grid_index&quot;:1,&quot;page_args&quot;:[]}}'><\/div>\r\n\t<\/div><\/div><\/div><\/div><\/div><\/section><section class=\"l-section wpb_row us_custom_057801f8 height_small color_footer-bottom\"><div class=\"l-section-h i-cf\"><div class=\"g-cols vc_row via_grid cols_1 laptops-cols_inherit tablets-cols_inherit mobiles-cols_1 valign_top type_default stacking_default\"><div class=\"wpb_column vc_column_container\"><div class=\"vc_column-inner\"><div class=\"wpb_text_column us_custom_d83ef188 has_text_color\"><div class=\"wpb_wrapper\"><p>Informaciones para Contacto<\/p>\n<\/div><\/div><div class=\"w-separator size_medium\"><\/div>[gravityform id=\u00bb1&#8243; title=\u00bbfalse\u00bb description=\u00bbfalse\u00bb]<\/div><\/div><\/div><\/div><\/section>\n","protected":false},"excerpt":{"rendered":"Imperador 3000La mayor eficiencia en pulverizaci\u00f3n La mejor eficiencia en la pulverizaci\u00f3n de la pulverizadora autopropulsada Imperador 3000 de Stara es el resultado de tecnolog\u00edas innovadoras combinadas con una calidad de aplicaci\u00f3n comprobada. Las pulverizadoras Imperador destacan por la excelente precisi\u00f3n de la aplicaci\u00f3n, la cual est\u00e1 garantizada por las barras centrales que, sumadas a...","protected":false},"author":1,"featured_media":0,"parent":614,"menu_order":0,"comment_status":"closed","ping_status":"closed","template":"","meta":{"footnotes":""},"class_list":["post-822","page","type-page","status-publish","hentry"],"_links":{"self":[{"href":"https:\/\/norterodados.com\/stara\/wp-json\/wp\/v2\/pages\/822","targetHints":{"allow":["GET"]}}],"collection":[{"href":"https:\/\/norterodados.com\/stara\/wp-json\/wp\/v2\/pages"}],"about":[{"href":"https:\/\/norterodados.com\/stara\/wp-json\/wp\/v2\/types\/page"}],"author":[{"embeddable":true,"href":"https:\/\/norterodados.com\/stara\/wp-json\/wp\/v2\/users\/1"}],"replies":[{"embeddable":true,"href":"https:\/\/norterodados.com\/stara\/wp-json\/wp\/v2\/comments?post=822"}],"version-history":[{"count":28,"href":"https:\/\/norterodados.com\/stara\/wp-json\/wp\/v2\/pages\/822\/revisions"}],"predecessor-version":[{"id":1199,"href":"https:\/\/norterodados.com\/stara\/wp-json\/wp\/v2\/pages\/822\/revisions\/1199"}],"up":[{"embeddable":true,"href":"https:\/\/norterodados.com\/stara\/wp-json\/wp\/v2\/pages\/614"}],"wp:attachment":[{"href":"https:\/\/norterodados.com\/stara\/wp-json\/wp\/v2\/media?parent=822"}],"curies":[{"name":"wp","href":"https:\/\/api.w.org\/{rel}","templated":true}]}}